{"id":2877,"date":"2020-04-15T14:54:41","date_gmt":"2020-04-15T12:54:41","guid":{"rendered":"https:\/\/www.trust-immobiliere.com\/?post_type=product&#038;p=2877"},"modified":"2022-07-26T02:45:10","modified_gmt":"2022-07-26T00:45:10","slug":"residence-seshat","status":"publish","type":"product","link":"https:\/\/www.trust-immobiliere.com\/index.php\/produit\/residence-seshat\/","title":{"rendered":"S+2\/S+3\/S+4 &#8211; CHOTRANA"},"content":{"rendered":"","protected":false},"excerpt":{"rendered":"<p>L\u2019Agence TRUST IMMOBILIERE propose \u00e0 vendre des appartements dans une R\u00e9sidence R+2 de haut standing Situ\u00e9e a CHOTRANA.<\/p>\n<p>La surface des S+2 est 151 m2 avec jardin de 48 m2<br \/>\nLe prix des S+2 est de 360.000 DT<br \/>\nLa surface des S+3 est 188 m2<br \/>\nLe prix des S+3 est 400.000 DT<br \/>\nLa surface des S+4 est 188 m2<br \/>\nLe prix des S+4 est 405.000 DT<\/p>\n<p>Une place  de  parking + cellier sont inclus dans  le prix<\/p>\n<p>La Remise des cl\u00e9s est imm\u00e9diate.<br \/>\nN&rsquo;h\u00e9sitez pas \u00e0 nous contacter sur : 24266000 \/ 55336649 \/ 55571144<\/p>\n","protected":false},"featured_media":2878,"comment_status":"open","ping_status":"closed","template":"","meta":[],"_links":{"self":[{"href":"https:\/\/www.trust-immobiliere.com\/index.php\/wp-json\/wp\/v2\/product\/2877"}],"collection":[{"href":"https:\/\/www.trust-immobiliere.com\/index.php\/wp-json\/wp\/v2\/product"}],"about":[{"href":"https:\/\/www.trust-immobiliere.com\/index.php\/wp-json\/wp\/v2\/types\/product"}],"replies":[{"embeddable":true,"href":"https:\/\/www.trust-immobiliere.com\/index.php\/wp-json\/wp\/v2\/comments?post=2877"}],"wp:featuredmedia":[{"embeddable":true,"href":"https:\/\/www.trust-immobiliere.com\/index.php\/wp-json\/wp\/v2\/media\/2878"}],"wp:attachment":[{"href":"https:\/\/www.trust-immobiliere.com\/index.php\/wp-json\/wp\/v2\/media?parent=2877"}],"curies":[{"name":"wp","href":"https:\/\/api.w.org\/{rel}","templated":true}]}}