{"id":2881,"date":"2020-04-15T15:24:39","date_gmt":"2020-04-15T13:24:39","guid":{"rendered":"https:\/\/www.trust-immobiliere.com\/?post_type=product&#038;p=2881"},"modified":"2021-02-12T02:17:58","modified_gmt":"2021-02-12T01:17:58","slug":"residence-valetta","status":"publish","type":"product","link":"https:\/\/www.trust-immobiliere.com\/index.php\/produit\/residence-valetta\/","title":{"rendered":"S+1\/S+3 &#8211; JARDINS DE CARTHAGE"},"content":{"rendered":"","protected":false},"excerpt":{"rendered":"<p>L\u2019Agence TRUST IMMOBILIERE propose \u00e0 vendre des appartements S+1 ET S+3 neufs et de tr\u00e8s haut standing  dans une R\u00e9sidence R+2 Situ\u00e9e aux jardins de Carthage.<br \/>\nLa surface des S+1 var\u0131e entre 62 m2 et 92 m2<br \/>\nLe prix des S+1varie entre 247.000 DT et 372.000 DT<br \/>\nLa surface des S+3 var\u0131e entre 164 m2 et 171 m2<br \/>\nLe prix des S+3 varie entre 590.000 DT et 613.000 DT<br \/>\nLa Remise des cl\u00e9s est imm\u00e9diate.<\/p>\n<p>N&rsquo;h\u00e9sitez pas \u00e0 nous contacter sur : 55571144 \/ 55331723 \/ 55336649 \/ \/24266000<\/p>\n","protected":false},"featured_media":2882,"comment_status":"open","ping_status":"closed","template":"","meta":[],"_links":{"self":[{"href":"https:\/\/www.trust-immobiliere.com\/index.php\/wp-json\/wp\/v2\/product\/2881"}],"collection":[{"href":"https:\/\/www.trust-immobiliere.com\/index.php\/wp-json\/wp\/v2\/product"}],"about":[{"href":"https:\/\/www.trust-immobiliere.com\/index.php\/wp-json\/wp\/v2\/types\/product"}],"replies":[{"embeddable":true,"href":"https:\/\/www.trust-immobiliere.com\/index.php\/wp-json\/wp\/v2\/comments?post=2881"}],"wp:featuredmedia":[{"embeddable":true,"href":"https:\/\/www.trust-immobiliere.com\/index.php\/wp-json\/wp\/v2\/media\/2882"}],"wp:attachment":[{"href":"https:\/\/www.trust-immobiliere.com\/index.php\/wp-json\/wp\/v2\/media?parent=2881"}],"curies":[{"name":"wp","href":"https:\/\/api.w.org\/{rel}","templated":true}]}}