{"id":2884,"date":"2020-04-15T16:14:51","date_gmt":"2020-04-15T14:14:51","guid":{"rendered":"https:\/\/www.trust-immobiliere.com\/?post_type=product&#038;p=2884"},"modified":"2020-04-15T16:14:51","modified_gmt":"2020-04-15T14:14:51","slug":"residence-les-ombrelles-neuf","status":"publish","type":"product","link":"https:\/\/www.trust-immobiliere.com\/index.php\/produit\/residence-les-ombrelles-neuf\/","title":{"rendered":"S+3 VUE PISCINE-MREZGA-HAMMAMET"},"content":{"rendered":"","protected":false},"excerpt":{"rendered":"<p>A vendre des appartements neufs et de tr\u00e8s haut standing Situ\u00e9s dans un immeuble r\u00e9sidentiel R+6 \u00e0 Mrezga Hammamet.<\/p>\n<p>La surface des S+2 varie entre 104 m2 et 106 m2<br \/>\nLes prix des S+2 varient entre 250.000 DT  255.000 DT<br \/>\nLa surface des S+3 vue mer  est 128 m2<br \/>\nLe prix des S+3 est  310.000 DT <\/p>\n<p>le prix de la place de park\u0131ng au sous-sol est 15000 DT<br \/>\nLa Remise des cl\u00e9s est imm\u00e9diate.<\/p>\n<p>N&rsquo;h\u00e9sitez pas \u00e0 nous contacter sur :  55571144 \/ 55331723 \/ 55336649  \/ 24266000<\/p>\n","protected":false},"featured_media":2885,"comment_status":"open","ping_status":"closed","template":"","meta":[],"_links":{"self":[{"href":"https:\/\/www.trust-immobiliere.com\/index.php\/wp-json\/wp\/v2\/product\/2884"}],"collection":[{"href":"https:\/\/www.trust-immobiliere.com\/index.php\/wp-json\/wp\/v2\/product"}],"about":[{"href":"https:\/\/www.trust-immobiliere.com\/index.php\/wp-json\/wp\/v2\/types\/product"}],"replies":[{"embeddable":true,"href":"https:\/\/www.trust-immobiliere.com\/index.php\/wp-json\/wp\/v2\/comments?post=2884"}],"wp:featuredmedia":[{"embeddable":true,"href":"https:\/\/www.trust-immobiliere.com\/index.php\/wp-json\/wp\/v2\/media\/2885"}],"wp:attachment":[{"href":"https:\/\/www.trust-immobiliere.com\/index.php\/wp-json\/wp\/v2\/media?parent=2884"}],"curies":[{"name":"wp","href":"https:\/\/api.w.org\/{rel}","templated":true}]}}