{"id":2892,"date":"2020-04-15T17:01:00","date_gmt":"2020-04-15T15:01:00","guid":{"rendered":"https:\/\/www.trust-immobiliere.com\/?post_type=product&#038;p=2892"},"modified":"2020-04-15T17:08:57","modified_gmt":"2020-04-15T15:08:57","slug":"residence-nour","status":"publish","type":"product","link":"https:\/\/www.trust-immobiliere.com\/index.php\/produit\/residence-nour\/","title":{"rendered":"S+1\/S+2\/S+3- MONASTIR"},"content":{"rendered":"","protected":false},"excerpt":{"rendered":"<p>A vendre des appartements S+1\/S+2\/S+3 neufs et de haut standing Situ\u00e9s dans un immeuble r\u00e9sidentiel R+4 \u00e0 MONASTIR.<\/p>\n<p>La surface des S+1 varie entre 54 m2 et 59 m2<br \/>\nLes prix des S+1 varient entre 133.000 DT  145.000 DT<br \/>\nLa surface des S+2 varie entre 82 m2 et 147 m2<br \/>\nLes prix des S+2 varient entre 210.000 DT  361.000 DT<br \/>\nLa surface des S+2 varie entre 135 m2 et 150 m2<br \/>\nLes prix des S+2 varient entre 331.000 DT  368.000 DT <\/p>\n<p>le prix de la place de park\u0131ng au sous-sol est 20.000 DT<br \/>\nLa Remise des cl\u00e9s est imm\u00e9diate.<\/p>\n<p>N&rsquo;h\u00e9sitez pas \u00e0 nous contacter sur :  55571144 \/ 55331723 \/ 55336649  \/ 24266000<\/p>\n","protected":false},"featured_media":2893,"comment_status":"open","ping_status":"closed","template":"","meta":[],"_links":{"self":[{"href":"https:\/\/www.trust-immobiliere.com\/index.php\/wp-json\/wp\/v2\/product\/2892"}],"collection":[{"href":"https:\/\/www.trust-immobiliere.com\/index.php\/wp-json\/wp\/v2\/product"}],"about":[{"href":"https:\/\/www.trust-immobiliere.com\/index.php\/wp-json\/wp\/v2\/types\/product"}],"replies":[{"embeddable":true,"href":"https:\/\/www.trust-immobiliere.com\/index.php\/wp-json\/wp\/v2\/comments?post=2892"}],"wp:featuredmedia":[{"embeddable":true,"href":"https:\/\/www.trust-immobiliere.com\/index.php\/wp-json\/wp\/v2\/media\/2893"}],"wp:attachment":[{"href":"https:\/\/www.trust-immobiliere.com\/index.php\/wp-json\/wp\/v2\/media?parent=2892"}],"curies":[{"name":"wp","href":"https:\/\/api.w.org\/{rel}","templated":true}]}}