{"id":2894,"date":"2020-04-15T17:12:42","date_gmt":"2020-04-15T15:12:42","guid":{"rendered":"https:\/\/www.trust-immobiliere.com\/?post_type=product&#038;p=2894"},"modified":"2022-02-03T22:26:18","modified_gmt":"2022-02-03T21:26:18","slug":"residence-nour-neuf","status":"publish","type":"product","link":"https:\/\/www.trust-immobiliere.com\/index.php\/produit\/residence-nour-neuf\/","title":{"rendered":"LOCAUX DE COMMERCE &#8211; MONASTIR"},"content":{"rendered":"","protected":false},"excerpt":{"rendered":"<p>A vendre des locaux de commerce neufs  Situ\u00e9s au rez de chauss dans un immeuble r\u00e9sidentiel R+4 \u00e0 MONASTIR.<\/p>\n<p>La surface des locaux de commerce varie entre 24 m2 et 30 m2<br \/>\nLes prix unitaire est de 7.000 DT  TTC\/M2<br \/>\nUn spacieux local  commercial est de 234 m2<br \/>\nLes prix unitaire est de 5.500 DT  TTC\/M2<\/p>\n<p>le prix de la place de park\u0131ng au sous-sol est 20.000 DT<br \/>\nLa Remise des cl\u00e9s est imm\u00e9diate.<\/p>\n<p>N&rsquo;h\u00e9sitez pas \u00e0 nous contacter sur :  55571144 \/ 55331723 \/ 55336649  \/ 24266000<\/p>\n","protected":false},"featured_media":2895,"comment_status":"open","ping_status":"closed","template":"","meta":[],"_links":{"self":[{"href":"https:\/\/www.trust-immobiliere.com\/index.php\/wp-json\/wp\/v2\/product\/2894"}],"collection":[{"href":"https:\/\/www.trust-immobiliere.com\/index.php\/wp-json\/wp\/v2\/product"}],"about":[{"href":"https:\/\/www.trust-immobiliere.com\/index.php\/wp-json\/wp\/v2\/types\/product"}],"replies":[{"embeddable":true,"href":"https:\/\/www.trust-immobiliere.com\/index.php\/wp-json\/wp\/v2\/comments?post=2894"}],"wp:featuredmedia":[{"embeddable":true,"href":"https:\/\/www.trust-immobiliere.com\/index.php\/wp-json\/wp\/v2\/media\/2895"}],"wp:attachment":[{"href":"https:\/\/www.trust-immobiliere.com\/index.php\/wp-json\/wp\/v2\/media?parent=2894"}],"curies":[{"name":"wp","href":"https:\/\/api.w.org\/{rel}","templated":true}]}}