{"id":2896,"date":"2020-04-15T17:18:20","date_gmt":"2020-04-15T15:18:20","guid":{"rendered":"https:\/\/www.trust-immobiliere.com\/?post_type=product&#038;p=2896"},"modified":"2025-01-29T13:40:30","modified_gmt":"2025-01-29T12:40:30","slug":"residence-diar-fridhi-neuf","status":"publish","type":"product","link":"https:\/\/www.trust-immobiliere.com\/index.php\/produit\/residence-diar-fridhi-neuf\/","title":{"rendered":"S+2 NEUFS &#8211; SOUSSE"},"content":{"rendered":"","protected":false},"excerpt":{"rendered":"<p>A vendre des appartements S+2 neufs et de haut standing Situ\u00e9s dans un immeuble r\u00e9sidentiel R+6 \u00e0 SOUSSE.<\/p>\n<p>La surface des S+2 varie entre 105 m2 avec s\u00e9choir et 105 m2 avec s\u00e9choir + Balcon sur  les  2 cot\u00e9s<br \/>\nLes prix des S+2 varient entre 200.000 DT  222.000 DT <\/p>\n<p>La Remise des cl\u00e9s est imm\u00e9diate.<\/p>\n<p>N&rsquo;h\u00e9sitez pas \u00e0 nous contacter sur :  55571144 \/ 55331723 \/ 55336649  \/ 24266000<\/p>\n","protected":false},"featured_media":2897,"comment_status":"open","ping_status":"closed","template":"","meta":[],"_links":{"self":[{"href":"https:\/\/www.trust-immobiliere.com\/index.php\/wp-json\/wp\/v2\/product\/2896"}],"collection":[{"href":"https:\/\/www.trust-immobiliere.com\/index.php\/wp-json\/wp\/v2\/product"}],"about":[{"href":"https:\/\/www.trust-immobiliere.com\/index.php\/wp-json\/wp\/v2\/types\/product"}],"replies":[{"embeddable":true,"href":"https:\/\/www.trust-immobiliere.com\/index.php\/wp-json\/wp\/v2\/comments?post=2896"}],"wp:featuredmedia":[{"embeddable":true,"href":"https:\/\/www.trust-immobiliere.com\/index.php\/wp-json\/wp\/v2\/media\/2897"}],"wp:attachment":[{"href":"https:\/\/www.trust-immobiliere.com\/index.php\/wp-json\/wp\/v2\/media?parent=2896"}],"curies":[{"name":"wp","href":"https:\/\/api.w.org\/{rel}","templated":true}]}}