{"id":2936,"date":"2020-04-16T23:43:51","date_gmt":"2020-04-16T21:43:51","guid":{"rendered":"https:\/\/www.trust-immobiliere.com\/?post_type=product&#038;p=2936"},"modified":"2025-09-27T15:47:47","modified_gmt":"2025-09-27T13:47:47","slug":"2eme-main-3","status":"publish","type":"product","link":"https:\/\/www.trust-immobiliere.com\/index.php\/produit\/2eme-main-3\/","title":{"rendered":"UN FABULEUX  S+2  DE 160m\u00b2 -LES BERGES DU  LAC 2"},"content":{"rendered":"","protected":false},"excerpt":{"rendered":"<p>Notre Agence Trust Immobili\u00e8re met  en vente  un tr\u00e8s joli appartement S+2 avec jardin situ\u00e9 dans une r\u00e9sidence de standing au Lac 2.<br \/>\nCet appartement est situ\u00e9 au RDC d&rsquo;une r\u00e9sidence bien entretenue. L&rsquo;entr\u00e9e donne sur un hall qui dessert un salon, cette pi\u00e8ce est lumineuse gr\u00e2ce \u00e0 son ouverture sur un balcon. Deux suites parentales compl\u00e8tent le compartiment nuit ainsi qu&rsquo;une salle d&rsquo;eau pour les invit\u00e9s. La cuisine est am\u00e9nag\u00e9e de rangement fonctionnels.<\/p>\n<p>Une place de parking et un cellier sont \u00e0 la disposition.<\/p>\n<p>Superficie : 160m\u00b2<br \/>\nPrix : 560.000 DT TTC<\/p>\n<p>R\u00e9f\u00e9rence: 1420<\/p>\n<p>Pour toute autre information, merci de contacter : 55 33 17 23 ou 55 57 11 44<\/p>\n","protected":false},"featured_media":2937,"comment_status":"open","ping_status":"closed","template":"","meta":[],"_links":{"self":[{"href":"https:\/\/www.trust-immobiliere.com\/index.php\/wp-json\/wp\/v2\/product\/2936"}],"collection":[{"href":"https:\/\/www.trust-immobiliere.com\/index.php\/wp-json\/wp\/v2\/product"}],"about":[{"href":"https:\/\/www.trust-immobiliere.com\/index.php\/wp-json\/wp\/v2\/types\/product"}],"replies":[{"embeddable":true,"href":"https:\/\/www.trust-immobiliere.com\/index.php\/wp-json\/wp\/v2\/comments?post=2936"}],"wp:featuredmedia":[{"embeddable":true,"href":"https:\/\/www.trust-immobiliere.com\/index.php\/wp-json\/wp\/v2\/media\/2937"}],"wp:attachment":[{"href":"https:\/\/www.trust-immobiliere.com\/index.php\/wp-json\/wp\/v2\/media?parent=2936"}],"curies":[{"name":"wp","href":"https:\/\/api.w.org\/{rel}","templated":true}]}}