{"id":2955,"date":"2020-04-16T23:56:53","date_gmt":"2020-04-16T21:56:53","guid":{"rendered":"https:\/\/www.trust-immobiliere.com\/?post_type=product&#038;p=2955"},"modified":"2020-04-17T00:00:43","modified_gmt":"2020-04-16T22:00:43","slug":"un-vaste-s2-avec-jardins-les-berges-du-lac-2","status":"publish","type":"product","link":"https:\/\/www.trust-immobiliere.com\/index.php\/produit\/un-vaste-s2-avec-jardins-les-berges-du-lac-2\/","title":{"rendered":"UN VASTE S+2  AVEC  JARDINS -LES BERGES DU  LAC 2"},"content":{"rendered":"","protected":false},"excerpt":{"rendered":"<p>L&rsquo;Agence Trust Immobili\u00e8re met en vente un magnifique (S+2) d\u2019une surface totale de 120 m\u00b2 avec jardin de 50 m\u00b2. L\u2019appartement est situ\u00e9 au RDC d\u2019une prestigieuse r\u00e9sidence con\u00e7ue en R+3 au Lac 2.<br \/>\nIl est compos\u00e9 de :<br \/>\n* Un grand salon-salle \u00e0 manger avec vue projet\u00e9e sur le jardin.<br \/>\n* Deux chambres \u00e0 coucher,<br \/>\n* Une cuisine am\u00e9nag\u00e9e et \u00e9quip\u00e9e avec s\u00e9choir<br \/>\n* Une SDB + SD<br \/>\n* Une place de parking sous sol et un cellier de 7m\u00b2.<\/p>\n<p>R\u00e9f\u00e9rence: 1423<\/p>\n<p>Pour toute autre information, merci de contacter: 55 33 17 23 ou 55 57 11 44<\/p>\n","protected":false},"featured_media":2956,"comment_status":"open","ping_status":"closed","template":"","meta":[],"_links":{"self":[{"href":"https:\/\/www.trust-immobiliere.com\/index.php\/wp-json\/wp\/v2\/product\/2955"}],"collection":[{"href":"https:\/\/www.trust-immobiliere.com\/index.php\/wp-json\/wp\/v2\/product"}],"about":[{"href":"https:\/\/www.trust-immobiliere.com\/index.php\/wp-json\/wp\/v2\/types\/product"}],"replies":[{"embeddable":true,"href":"https:\/\/www.trust-immobiliere.com\/index.php\/wp-json\/wp\/v2\/comments?post=2955"}],"wp:featuredmedia":[{"embeddable":true,"href":"https:\/\/www.trust-immobiliere.com\/index.php\/wp-json\/wp\/v2\/media\/2956"}],"wp:attachment":[{"href":"https:\/\/www.trust-immobiliere.com\/index.php\/wp-json\/wp\/v2\/media?parent=2955"}],"curies":[{"name":"wp","href":"https:\/\/api.w.org\/{rel}","templated":true}]}}