{"id":2980,"date":"2020-04-25T20:31:37","date_gmt":"2020-04-25T18:31:37","guid":{"rendered":"https:\/\/www.trust-immobiliere.com\/?post_type=product&#038;p=2980"},"modified":"2025-09-27T15:48:06","modified_gmt":"2025-09-27T13:48:06","slug":"b2b-b2133","status":"publish","type":"product","link":"https:\/\/www.trust-immobiliere.com\/index.php\/produit\/b2b-b2133\/","title":{"rendered":"APPARTEMENTS NEUFS -Zeytinburnu-ISTANBUL"},"content":{"rendered":"","protected":false},"excerpt":{"rendered":"<p>Zitoun Bourno est situ\u00e9 sur la c\u00f4te de la mer de Marmara dans la partie europ\u00e9enne d&rsquo;Istanbul. Le b\u00e2timent de cinq \u00e9tages est situ\u00e9 sur l&rsquo;autoroute E-5 et \u00e0 c\u00f4t\u00e9 de la mer de Marmara.<br \/>\nLes prix des appartements dans les complexes r\u00e9sidentiels sont \u00e9lev\u00e9s par rapport aux autres. Les espaces verts et les jardins sont limit\u00e9s \u00e0 l&rsquo;autoroute E-5, avec le c\u00e9l\u00e8bre parc Top Kappi , qui est la plus grande zone de respiration pour les r\u00e9sidents de la zone avec des taches vertes \u00e0 l&rsquo;int\u00e9rieur de ses murs.<br \/>\nLa r\u00e9gion abrite de nombreux h\u00f4tels les plus prestigieux de la ville en raison de sa proximit\u00e9 de l&rsquo;a\u00e9roport d&rsquo;Atat\u00fcrk, qui est \u00e0 seulement 15 minutes en voiture de la zone d&rsquo; Al Fateh et des sites arch\u00e9ologiques.<br \/>\nLe Radisson Blu le plus c\u00e9l\u00e8bre et le plus renomm\u00e9 de la r\u00e9gion et Mercure<br \/>\nIl y a aussi beaucoup de vieilles mosqu\u00e9es dans la r\u00e9gion qui attirent les touristes. L&rsquo;un des endroits les plus visit\u00e9s est le mus\u00e9e Panorama, qui repr\u00e9sente l&rsquo;ouverture de Constantinople \u00e0 360 degr\u00e9s<\/p>\n<p>Prix: \u00e0 partie De: 915000 TR<br \/>\nSurface: 208,00 m 2<br \/>\nPi\u00e8ces: 4<br \/>\nSale de bain: 4 <\/p>\n<p>Adresse<br \/>\nVille: Zeytinburnu<br \/>\nZone: Ataturk Airport , Highway , Hospital , Istanbul Airport , MAll , Metro , Metro Bus , Park , Schools , Shopping Center , Takseem Square , Tram Train , University<br \/>\n\u00c9tat \/ Comt\u00e9: Turquie &#8211; Istanbul<br \/>\nPays: Turquie <\/p>\n","protected":false},"featured_media":2983,"comment_status":"open","ping_status":"closed","template":"","meta":[],"_links":{"self":[{"href":"https:\/\/www.trust-immobiliere.com\/index.php\/wp-json\/wp\/v2\/product\/2980"}],"collection":[{"href":"https:\/\/www.trust-immobiliere.com\/index.php\/wp-json\/wp\/v2\/product"}],"about":[{"href":"https:\/\/www.trust-immobiliere.com\/index.php\/wp-json\/wp\/v2\/types\/product"}],"replies":[{"embeddable":true,"href":"https:\/\/www.trust-immobiliere.com\/index.php\/wp-json\/wp\/v2\/comments?post=2980"}],"wp:featuredmedia":[{"embeddable":true,"href":"https:\/\/www.trust-immobiliere.com\/index.php\/wp-json\/wp\/v2\/media\/2983"}],"wp:attachment":[{"href":"https:\/\/www.trust-immobiliere.com\/index.php\/wp-json\/wp\/v2\/media?parent=2980"}],"curies":[{"name":"wp","href":"https:\/\/api.w.org\/{rel}","templated":true}]}}