{"id":2988,"date":"2020-04-25T21:00:35","date_gmt":"2020-04-25T19:00:35","guid":{"rendered":"https:\/\/www.trust-immobiliere.com\/?post_type=product&#038;p=2988"},"modified":"2022-08-29T02:09:50","modified_gmt":"2022-08-29T00:09:50","slug":"kucukcekmece-istanbul-b-2118","status":"publish","type":"product","link":"https:\/\/www.trust-immobiliere.com\/index.php\/produit\/kucukcekmece-istanbul-b-2118\/","title":{"rendered":"APPARTEMENTS NEUFS-K\u00fc\u00e7\u00fck\u00e7ekmece -ISTANBUL"},"content":{"rendered":"","protected":false},"excerpt":{"rendered":"<p>Une excellente caract\u00e9ristique encourage l&rsquo;achat d&rsquo;un appartement en Turquie. dans cette zone d&rsquo;Istanbul,<br \/>\nEst que K\u00fc\u00e7\u00fck\u00e7ekmece est une zone reli\u00e9e au centre d&rsquo;Istanbul via les r\u00e9gions de Bakerkoye et Yeni Bousna . Il existe \u00e9galement de nombreuses grandes et petites lignes de bus publiques, ainsi que des stations de m\u00e9tro.<br \/>\nLa r\u00e9gion de K\u00fc\u00e7\u00fck\u00e7ekmece compte de nombreux centres industriels et commerciaux . Il poss\u00e8de un immense stade olympique d&rsquo;une capacit\u00e9 de 80 000 personnes, qui est devenu une attraction populaire.<br \/>\nD\u00e9tails du projet:<br \/>\nLe projet comprend trois sections. La premi\u00e8re section, qui se compose de maisons d&rsquo;habitation sous la forme de 2 + 1 et 3 + 1, qui convient au style de vie turc, ouvre avec une fen\u00eatre diff\u00e9rente une fen\u00eatre statique vers la vie color\u00e9e \u00e0 Istanbul<br \/>\nLa deuxi\u00e8me section se compose d&rsquo;appartements 1 + 1 con\u00e7us pour ceux qui embrassent la vie et le mouvement de la ville dynamique.<br \/>\nIl propose un h\u00e9bergement luxueux et des services de luxe pour r\u00e9pondre \u00e0 tous vos besoins. Si vous le souhaitez, vous pouvez vivre dans le luxe toute votre vie et si vous le souhaitez, vous pouvez obtenir un bon profit en profitant de nos services de location<br \/>\nLa troisi\u00e8me section comprend des bureaux \u00e0 domicile dot\u00e9s d&rsquo;une infrastructure technique, une salle de conf\u00e9rence pour accueillir des r\u00e9unions d&rsquo;affaires et des magasins avec des caf\u00e9s et des restaurants afin de cr\u00e9er un environnement de travail agr\u00e9able.<br \/>\nDate de livraison : Juin 2020<br \/>\nMode de paiement :<br \/>\nuniquement avec un acompte de 15% et les versements restants jusqu&rsquo;\u00e0 60 mois<br \/>\nAdresse<br \/>\nVille: K\u00fc\u00e7\u00fck\u00e7ekmece<br \/>\nZone: 212 Mall , Ataturk Airport , Bus Station , Carrefour Market , Highway , Hospital , Istanbul Airport , K\u00fc\u00e7\u00fck\u00e7ekmece Lake , MAll , Marmara Sea , Metro , Metro Bus , Park , Sabiha Airport , Schools , Shopping Center , Takseem Square , University<br \/>\n\u00c9tat \/ Comt\u00e9: Turquie &#8211; Istanbul<br \/>\nPays: Turquie <\/p>\n","protected":false},"featured_media":2989,"comment_status":"open","ping_status":"closed","template":"","meta":[],"_links":{"self":[{"href":"https:\/\/www.trust-immobiliere.com\/index.php\/wp-json\/wp\/v2\/product\/2988"}],"collection":[{"href":"https:\/\/www.trust-immobiliere.com\/index.php\/wp-json\/wp\/v2\/product"}],"about":[{"href":"https:\/\/www.trust-immobiliere.com\/index.php\/wp-json\/wp\/v2\/types\/product"}],"replies":[{"embeddable":true,"href":"https:\/\/www.trust-immobiliere.com\/index.php\/wp-json\/wp\/v2\/comments?post=2988"}],"wp:featuredmedia":[{"embeddable":true,"href":"https:\/\/www.trust-immobiliere.com\/index.php\/wp-json\/wp\/v2\/media\/2989"}],"wp:attachment":[{"href":"https:\/\/www.trust-immobiliere.com\/index.php\/wp-json\/wp\/v2\/media?parent=2988"}],"curies":[{"name":"wp","href":"https:\/\/api.w.org\/{rel}","templated":true}]}}