{"id":3001,"date":"2020-04-25T21:16:52","date_gmt":"2020-04-25T19:16:52","guid":{"rendered":"https:\/\/www.trust-immobiliere.com\/?post_type=product&#038;p=3001"},"modified":"2020-04-25T21:25:54","modified_gmt":"2020-04-25T19:25:54","slug":"beylikduzu-istanbul-b2b-b-2055","status":"publish","type":"product","link":"https:\/\/www.trust-immobiliere.com\/index.php\/produit\/beylikduzu-istanbul-b2b-b-2055\/","title":{"rendered":"APPARTEMENTS NEUFS- Beylikd\u00fcz\u00fc- ISTANBUL"},"content":{"rendered":"","protected":false},"excerpt":{"rendered":"<p>Ville: Beylikd\u00fcz\u00fc<br \/>\nZone: Ataturk Airport, Bus Station, Highway, Hospital, Istanbul Airport, MAll, Mall Of Istanbul, Marmara Park Mall, Marmara Sea, Metro, Metro Bus, Park, Schools, Shopping Center, University<br \/>\n\u00c9tat \/ Comt\u00e9: Turquie &#8211; Istanbul<br \/>\nPays: Turquie<\/p>\n<p>D\u00e9tails<\/p>\n<p>Prix: \u00e0 partir de: 184 000 TRL<br \/>\nTaille de la propri\u00e9t\u00e9: 81,00 m2<br \/>\nChambres: 2<br \/>\nChambres: 1<br \/>\nSalle de bain: 1<br \/>\nTaille de la propri\u00e9t\u00e9: jusqu&rsquo;\u00e0: 130<\/p>\n<p>F<\/p>\n","protected":false},"featured_media":3021,"comment_status":"open","ping_status":"closed","template":"","meta":[],"_links":{"self":[{"href":"https:\/\/www.trust-immobiliere.com\/index.php\/wp-json\/wp\/v2\/product\/3001"}],"collection":[{"href":"https:\/\/www.trust-immobiliere.com\/index.php\/wp-json\/wp\/v2\/product"}],"about":[{"href":"https:\/\/www.trust-immobiliere.com\/index.php\/wp-json\/wp\/v2\/types\/product"}],"replies":[{"embeddable":true,"href":"https:\/\/www.trust-immobiliere.com\/index.php\/wp-json\/wp\/v2\/comments?post=3001"}],"wp:featuredmedia":[{"embeddable":true,"href":"https:\/\/www.trust-immobiliere.com\/index.php\/wp-json\/wp\/v2\/media\/3021"}],"wp:attachment":[{"href":"https:\/\/www.trust-immobiliere.com\/index.php\/wp-json\/wp\/v2\/media?parent=3001"}],"curies":[{"name":"wp","href":"https:\/\/api.w.org\/{rel}","templated":true}]}}