{"id":3047,"date":"2020-04-25T22:13:38","date_gmt":"2020-04-25T20:13:38","guid":{"rendered":"https:\/\/www.trust-immobiliere.com\/?post_type=product&#038;p=3047"},"modified":"2020-04-25T22:18:44","modified_gmt":"2020-04-25T20:18:44","slug":"esenyurt-istanbul-b2b-2026","status":"publish","type":"product","link":"https:\/\/www.trust-immobiliere.com\/index.php\/produit\/esenyurt-istanbul-b2b-2026\/","title":{"rendered":"PROJET NEUF &#8211; ESENYURT-ISTANBUL"},"content":{"rendered":"","protected":false},"excerpt":{"rendered":"<p>Ville: Esenyurt<br \/>\nZone: A\u00e9roport Atat\u00fcrk, Gare routi\u00e8re, Canal d&rsquo;Istanbul, Carrefour Market, Esenyurt Meydan, Autoroute, H\u00f4pital, H\u00f4tel, A\u00e9roport d&rsquo;Istanbul, Lac K\u00fc\u00e7\u00fck\u00e7ekmece, MAll, Centre commercial Marmara Park, Mer de Marmara, M\u00e9tro, Bus de m\u00e9tro, Parc, A\u00e9roport Sabiha, \u00c9coles , Centre commercial, Place Takseem, Universit\u00e9<br \/>\n\u00c9tat \/ Comt\u00e9: Turquie &#8211; Istanbul<br \/>\nPays: Turquie<\/p>\n<p>D\u00e9tails<br \/>\nPrix: \u00e0 partir de: 330 000 TRL<br \/>\nTaille de la propri\u00e9t\u00e9: 75,00 m2<br \/>\nChambres: 2<br \/>\nChambres: 1<br \/>\nSalle de bain: 1<br \/>\nTaille de la propri\u00e9t\u00e9: jusqu&rsquo;\u00e0: 116 m<\/p>\n","protected":false},"featured_media":3048,"comment_status":"open","ping_status":"closed","template":"","meta":[],"_links":{"self":[{"href":"https:\/\/www.trust-immobiliere.com\/index.php\/wp-json\/wp\/v2\/product\/3047"}],"collection":[{"href":"https:\/\/www.trust-immobiliere.com\/index.php\/wp-json\/wp\/v2\/product"}],"about":[{"href":"https:\/\/www.trust-immobiliere.com\/index.php\/wp-json\/wp\/v2\/types\/product"}],"replies":[{"embeddable":true,"href":"https:\/\/www.trust-immobiliere.com\/index.php\/wp-json\/wp\/v2\/comments?post=3047"}],"wp:featuredmedia":[{"embeddable":true,"href":"https:\/\/www.trust-immobiliere.com\/index.php\/wp-json\/wp\/v2\/media\/3048"}],"wp:attachment":[{"href":"https:\/\/www.trust-immobiliere.com\/index.php\/wp-json\/wp\/v2\/media?parent=3047"}],"curies":[{"name":"wp","href":"https:\/\/api.w.org\/{rel}","templated":true}]}}