{"id":3076,"date":"2020-04-25T23:14:38","date_gmt":"2020-04-25T21:14:38","guid":{"rendered":"https:\/\/www.trust-immobiliere.com\/?post_type=product&#038;p=3076"},"modified":"2020-04-25T23:43:14","modified_gmt":"2020-04-25T21:43:14","slug":"b2b-b2082","status":"publish","type":"product","link":"https:\/\/www.trust-immobiliere.com\/index.php\/produit\/b2b-b2082\/","title":{"rendered":"PROJET NEUF-AVCILAR-ISTANBUL"},"content":{"rendered":"","protected":false},"excerpt":{"rendered":"<p>Prix: \u00c0 partir de: 441 000 TRL<br \/>\nTaille de la propri\u00e9t\u00e9: 67,00 m2<br \/>\nPi\u00e8ces: 1<br \/>\nChambres: 1<br \/>\nSalle de bain: 1<br \/>\nTaille de la propri\u00e9t\u00e9: jusqu&rsquo;\u00e0: 255<\/p>\n","protected":false},"featured_media":3077,"comment_status":"open","ping_status":"closed","template":"","meta":[],"_links":{"self":[{"href":"https:\/\/www.trust-immobiliere.com\/index.php\/wp-json\/wp\/v2\/product\/3076"}],"collection":[{"href":"https:\/\/www.trust-immobiliere.com\/index.php\/wp-json\/wp\/v2\/product"}],"about":[{"href":"https:\/\/www.trust-immobiliere.com\/index.php\/wp-json\/wp\/v2\/types\/product"}],"replies":[{"embeddable":true,"href":"https:\/\/www.trust-immobiliere.com\/index.php\/wp-json\/wp\/v2\/comments?post=3076"}],"wp:featuredmedia":[{"embeddable":true,"href":"https:\/\/www.trust-immobiliere.com\/index.php\/wp-json\/wp\/v2\/media\/3077"}],"wp:attachment":[{"href":"https:\/\/www.trust-immobiliere.com\/index.php\/wp-json\/wp\/v2\/media?parent=3076"}],"curies":[{"name":"wp","href":"https:\/\/api.w.org\/{rel}","templated":true}]}}