{"id":3098,"date":"2020-04-26T00:23:41","date_gmt":"2020-04-25T22:23:41","guid":{"rendered":"https:\/\/www.trust-immobiliere.com\/?post_type=product&#038;p=3098"},"modified":"2020-04-26T00:24:52","modified_gmt":"2020-04-25T22:24:52","slug":"b2b-2098","status":"publish","type":"product","link":"https:\/\/www.trust-immobiliere.com\/index.php\/produit\/b2b-2098\/","title":{"rendered":"PROJET NEUF &#8211; Bah\u00e7e\u015fehir &#8211; ISTANBUL"},"content":{"rendered":"","protected":false},"excerpt":{"rendered":"<p>Prix: \u00e0 partir de: 320 000 TRL<br \/>\nTaille de la propri\u00e9t\u00e9: 72.00 m2<br \/>\nPi\u00e8ces: 1<br \/>\nChambres: 1<br \/>\nSalle de bain: 1<br \/>\nTaille de la propri\u00e9t\u00e9: jusqu&rsquo;\u00e0: 217<\/p>\n","protected":false},"featured_media":3099,"comment_status":"open","ping_status":"closed","template":"","meta":[],"_links":{"self":[{"href":"https:\/\/www.trust-immobiliere.com\/index.php\/wp-json\/wp\/v2\/product\/3098"}],"collection":[{"href":"https:\/\/www.trust-immobiliere.com\/index.php\/wp-json\/wp\/v2\/product"}],"about":[{"href":"https:\/\/www.trust-immobiliere.com\/index.php\/wp-json\/wp\/v2\/types\/product"}],"replies":[{"embeddable":true,"href":"https:\/\/www.trust-immobiliere.com\/index.php\/wp-json\/wp\/v2\/comments?post=3098"}],"wp:featuredmedia":[{"embeddable":true,"href":"https:\/\/www.trust-immobiliere.com\/index.php\/wp-json\/wp\/v2\/media\/3099"}],"wp:attachment":[{"href":"https:\/\/www.trust-immobiliere.com\/index.php\/wp-json\/wp\/v2\/media?parent=3098"}],"curies":[{"name":"wp","href":"https:\/\/api.w.org\/{rel}","templated":true}]}}