{"id":3136,"date":"2020-05-01T22:08:23","date_gmt":"2020-05-01T20:08:23","guid":{"rendered":"https:\/\/www.trust-immobiliere.com\/?post_type=product&#038;p=3136"},"modified":"2022-08-29T02:09:09","modified_gmt":"2022-08-29T00:09:09","slug":"basaksehir-istanbul-b2b-2010","status":"publish","type":"product","link":"https:\/\/www.trust-immobiliere.com\/index.php\/produit\/basaksehir-istanbul-b2b-2010\/","title":{"rendered":"PROJET NEUF &#8211; BASAKSEHIR \/ \u0130STANBUL"},"content":{"rendered":"","protected":false},"excerpt":{"rendered":"<p>Surface de la propri\u00e9t\u00e9: entre 52 m2 2 et 210 m2<br \/>\nPrix:  \u00e0 partir de: 500,000 TRL  <\/p>\n","protected":false},"featured_media":3138,"comment_status":"open","ping_status":"closed","template":"","meta":[],"_links":{"self":[{"href":"https:\/\/www.trust-immobiliere.com\/index.php\/wp-json\/wp\/v2\/product\/3136"}],"collection":[{"href":"https:\/\/www.trust-immobiliere.com\/index.php\/wp-json\/wp\/v2\/product"}],"about":[{"href":"https:\/\/www.trust-immobiliere.com\/index.php\/wp-json\/wp\/v2\/types\/product"}],"replies":[{"embeddable":true,"href":"https:\/\/www.trust-immobiliere.com\/index.php\/wp-json\/wp\/v2\/comments?post=3136"}],"wp:featuredmedia":[{"embeddable":true,"href":"https:\/\/www.trust-immobiliere.com\/index.php\/wp-json\/wp\/v2\/media\/3138"}],"wp:attachment":[{"href":"https:\/\/www.trust-immobiliere.com\/index.php\/wp-json\/wp\/v2\/media?parent=3136"}],"curies":[{"name":"wp","href":"https:\/\/api.w.org\/{rel}","templated":true}]}}