{"id":3212,"date":"2020-05-01T22:51:00","date_gmt":"2020-05-01T20:51:00","guid":{"rendered":"https:\/\/www.trust-immobiliere.com\/?post_type=product&#038;p=3212"},"modified":"2020-11-12T16:21:25","modified_gmt":"2020-11-12T15:21:25","slug":"projet-neuf-beylikduzu-istanbul-turquie-be2be-2037","status":"publish","type":"product","link":"https:\/\/www.trust-immobiliere.com\/index.php\/produit\/projet-neuf-beylikduzu-istanbul-turquie-be2be-2037\/","title":{"rendered":"PROJET NEUF &#8211; BEYLIKD\u00dcZ\u00dc &#8212; ISTANBUL -TURQUIE"},"content":{"rendered":"","protected":false},"excerpt":{"rendered":"<p>Surface de la propri\u00e9t\u00e9: A partir de 60 m2<br \/>\nPrix: A partir De: 392000 TRL  <\/p>\n","protected":false},"featured_media":3214,"comment_status":"open","ping_status":"closed","template":"","meta":[],"_links":{"self":[{"href":"https:\/\/www.trust-immobiliere.com\/index.php\/wp-json\/wp\/v2\/product\/3212"}],"collection":[{"href":"https:\/\/www.trust-immobiliere.com\/index.php\/wp-json\/wp\/v2\/product"}],"about":[{"href":"https:\/\/www.trust-immobiliere.com\/index.php\/wp-json\/wp\/v2\/types\/product"}],"replies":[{"embeddable":true,"href":"https:\/\/www.trust-immobiliere.com\/index.php\/wp-json\/wp\/v2\/comments?post=3212"}],"wp:featuredmedia":[{"embeddable":true,"href":"https:\/\/www.trust-immobiliere.com\/index.php\/wp-json\/wp\/v2\/media\/3214"}],"wp:attachment":[{"href":"https:\/\/www.trust-immobiliere.com\/index.php\/wp-json\/wp\/v2\/media?parent=3212"}],"curies":[{"name":"wp","href":"https:\/\/api.w.org\/{rel}","templated":true}]}}