{"id":3255,"date":"2020-05-01T23:20:15","date_gmt":"2020-05-01T21:20:15","guid":{"rendered":"https:\/\/www.trust-immobiliere.com\/?post_type=product&#038;p=3255"},"modified":"2025-03-16T15:23:59","modified_gmt":"2025-03-16T14:23:59","slug":"projet-neuf-beylikduzu-istanbul-be2be-2063","status":"publish","type":"product","link":"https:\/\/www.trust-immobiliere.com\/index.php\/produit\/projet-neuf-beylikduzu-istanbul-be2be-2063\/","title":{"rendered":"PROJET NEUF &#8211; BEYLIKD\u00dcZ\u00dc  &#8211; ISTANBUL"},"content":{"rendered":"","protected":false},"excerpt":{"rendered":"<p>Taille de la propri\u00e9t\u00e9: 74,00 m2 et 158 m2<br \/>\nPrix: \u00c0 partir de: 326 000 TRL  <\/p>\n","protected":false},"featured_media":3256,"comment_status":"open","ping_status":"closed","template":"","meta":[],"_links":{"self":[{"href":"https:\/\/www.trust-immobiliere.com\/index.php\/wp-json\/wp\/v2\/product\/3255"}],"collection":[{"href":"https:\/\/www.trust-immobiliere.com\/index.php\/wp-json\/wp\/v2\/product"}],"about":[{"href":"https:\/\/www.trust-immobiliere.com\/index.php\/wp-json\/wp\/v2\/types\/product"}],"replies":[{"embeddable":true,"href":"https:\/\/www.trust-immobiliere.com\/index.php\/wp-json\/wp\/v2\/comments?post=3255"}],"wp:featuredmedia":[{"embeddable":true,"href":"https:\/\/www.trust-immobiliere.com\/index.php\/wp-json\/wp\/v2\/media\/3256"}],"wp:attachment":[{"href":"https:\/\/www.trust-immobiliere.com\/index.php\/wp-json\/wp\/v2\/media?parent=3255"}],"curies":[{"name":"wp","href":"https:\/\/api.w.org\/{rel}","templated":true}]}}