{"id":3329,"date":"2020-06-18T12:15:11","date_gmt":"2020-06-18T10:15:11","guid":{"rendered":"https:\/\/www.trust-immobiliere.com\/?post_type=product&#038;p=3329"},"modified":"2020-06-18T13:15:53","modified_gmt":"2020-06-18T11:15:53","slug":"s3-nouvelle-medina","status":"publish","type":"product","link":"https:\/\/www.trust-immobiliere.com\/index.php\/produit\/s3-nouvelle-medina\/","title":{"rendered":"S+3-Nouvelle Medina"},"content":{"rendered":"<p>Pour plus d&#39;informations n&#39;h\u00e9sitez pas \u00e0 nous contacter sur les num\u00e9ros suivants :<br \/>\n26404509 &#8211; 98705836 \u2013 25966680<br \/>\nD\u00e9couvrez les meilleurs offres chez TRUSTIMMO, rejoignez nous sur<\/p>\n<p><a href=\"https:\/\/www.facebook.com\/TRUST.IMMOBILIERE.TRUSTIMMO\/\">Facebook :<\/a><\/p>\n<p><a href=\"https:\/\/www.trust-immobiliere.com\/\">Site web:<\/a><\/p>\n<p><a href=\"https:\/\/www.instagram.com\/trustimmo2020\/\">Instagram :<\/a><\/p>\n<p><a href=\"https:\/\/www.youtube.com\/channel\/UCko2uxTUlscMPdz-SC8rvfw\">YouTube :<\/a><\/p>\n<p>Soyez les Bienvenues<\/p>\n","protected":false},"excerpt":{"rendered":"<p>TRUSTIMMO vous pr\u00e9sente un Fabuleux appartement S+3 \u00e0 la Nouvelle Medina.<br \/>\nCet appartement est situ\u00e9 au 4\u00e9me \u00e9tage (sans ascenseur) dans une r\u00e9sidence gard\u00e9e et bien<br \/>\ns\u00e9curis\u00e9e y compris place parking sous sol.<br \/>\nIl est compos\u00e9 de trois chambres \u00e0 coucher et un salon spacieux qui est \u00e9clair\u00e9 gr\u00e2ce \u00e0 son<br \/>\nbalcon.<br \/>\nLa cuisine est am\u00e9nag\u00e9e et \u00e9quip\u00e9e par plaque, hotte et four.<br \/>\nChauffage central install\u00e9<br \/>\nLa climatisation est par Split.<br \/>\nR\u00e9f: TCRTN37-06\/20<br \/>\nPrix\u00a0: 173.000dt (l\u00e9g\u00e8rement n\u00e9gociable)<\/p>\n","protected":false},"featured_media":3332,"comment_status":"open","ping_status":"closed","template":"","meta":[],"_links":{"self":[{"href":"https:\/\/www.trust-immobiliere.com\/index.php\/wp-json\/wp\/v2\/product\/3329"}],"collection":[{"href":"https:\/\/www.trust-immobiliere.com\/index.php\/wp-json\/wp\/v2\/product"}],"about":[{"href":"https:\/\/www.trust-immobiliere.com\/index.php\/wp-json\/wp\/v2\/types\/product"}],"replies":[{"embeddable":true,"href":"https:\/\/www.trust-immobiliere.com\/index.php\/wp-json\/wp\/v2\/comments?post=3329"}],"wp:featuredmedia":[{"embeddable":true,"href":"https:\/\/www.trust-immobiliere.com\/index.php\/wp-json\/wp\/v2\/media\/3332"}],"wp:attachment":[{"href":"https:\/\/www.trust-immobiliere.com\/index.php\/wp-json\/wp\/v2\/media?parent=3329"}],"curies":[{"name":"wp","href":"https:\/\/api.w.org\/{rel}","templated":true}]}}