{"id":3338,"date":"2020-06-18T12:27:03","date_gmt":"2020-06-18T10:27:03","guid":{"rendered":"https:\/\/www.trust-immobiliere.com\/?post_type=product&#038;p=3338"},"modified":"2020-06-18T13:15:39","modified_gmt":"2020-06-18T11:15:39","slug":"s2-centre-ville-de-tunis","status":"publish","type":"product","link":"https:\/\/www.trust-immobiliere.com\/index.php\/produit\/s2-centre-ville-de-tunis\/","title":{"rendered":"S+2-CENTRE VILLE DE TUNIS"},"content":{"rendered":"<p>Pour plus d&#39;informations n&#39;h\u00e9sitez pas \u00e0 nous contacter sur les num\u00e9ros suivants :<br \/>\n26404509 &#8211; 98705836 \u2013 25966680<br \/>\nD\u00e9couvrez les meilleurs offres chez TRUSTIMMO, rejoignez nous sur<\/p>\n<p><a href=\"https:\/\/www.facebook.com\/TRUST.IMMOBILIERE.TRUSTIMMO\/\">Facebook :<\/a><\/p>\n<p><a href=\"https:\/\/www.trust-immobiliere.com\/\">Site web:<\/a><\/p>\n<p><a href=\"https:\/\/www.instagram.com\/trustimmo2020\/\">Instagram :<\/a><\/p>\n<p><a href=\"https:\/\/www.youtube.com\/channel\/UCko2uxTUlscMPdz-SC8rvfw\">YouTube :<\/a><\/p>\n<p>Soyez les Bienvenues<\/p>\n","protected":false},"excerpt":{"rendered":"<p>BONNE OCCASION D\u2019UN S+2 A VENDRE EN PLEIN CENTRE VILLE DE TUNIS<br \/>\nL\u2019Agence Trust Immobili\u00e8re vous propose \u00e0 la vente un ancien appartement S+2 situ\u00e9 au<br \/>\n2 \u00e8me \u00e9tage dot\u00e9 d\u2019un emplacement strat\u00e9gique et proche de toutes les commodit\u00e9s (Carrefour,<br \/>\nMonoprix,\u2026) et \u00e0 quelques m\u00e8tres des moyens de transport.<br \/>\nPrix de vente\u00a0: 132.000 DT<br \/>\nR\u00e9f\u00a0: 1441<\/p>\n","protected":false},"featured_media":3341,"comment_status":"open","ping_status":"closed","template":"","meta":[],"_links":{"self":[{"href":"https:\/\/www.trust-immobiliere.com\/index.php\/wp-json\/wp\/v2\/product\/3338"}],"collection":[{"href":"https:\/\/www.trust-immobiliere.com\/index.php\/wp-json\/wp\/v2\/product"}],"about":[{"href":"https:\/\/www.trust-immobiliere.com\/index.php\/wp-json\/wp\/v2\/types\/product"}],"replies":[{"embeddable":true,"href":"https:\/\/www.trust-immobiliere.com\/index.php\/wp-json\/wp\/v2\/comments?post=3338"}],"wp:featuredmedia":[{"embeddable":true,"href":"https:\/\/www.trust-immobiliere.com\/index.php\/wp-json\/wp\/v2\/media\/3341"}],"wp:attachment":[{"href":"https:\/\/www.trust-immobiliere.com\/index.php\/wp-json\/wp\/v2\/media?parent=3338"}],"curies":[{"name":"wp","href":"https:\/\/api.w.org\/{rel}","templated":true}]}}