{"id":3349,"date":"2020-06-18T12:39:25","date_gmt":"2020-06-18T10:39:25","guid":{"rendered":"https:\/\/www.trust-immobiliere.com\/?post_type=product&#038;p=3349"},"modified":"2025-06-26T06:50:23","modified_gmt":"2025-06-26T04:50:23","slug":"s2-boumhal","status":"publish","type":"product","link":"https:\/\/www.trust-immobiliere.com\/index.php\/produit\/s2-boumhal\/","title":{"rendered":"S+2-Boumhal"},"content":{"rendered":"<p>Pour plus d&#39;informations n&#39;h\u00e9sitez pas \u00e0 nous contacter sur les num\u00e9ros suivants :<br \/>\n26404509 &#8211; 98705836 \u2013 25966680<br \/>\nD\u00e9couvrez les meilleurs offres chez TRUSTIMMO, rejoignez nous sur<\/p>\n<p><a href=\"https:\/\/www.facebook.com\/TRUST.IMMOBILIERE.TRUSTIMMO\/\">Facebook :<\/a><\/p>\n<p><a href=\"https:\/\/www.trust-immobiliere.com\/\">Site web:<\/a><\/p>\n<p><a href=\"https:\/\/www.instagram.com\/trustimmo2020\/\">Instagram :<\/a><\/p>\n<p><a href=\"https:\/\/www.youtube.com\/channel\/UCko2uxTUlscMPdz-SC8rvfw\">YouTube :<\/a><\/p>\n<p>Soyez les Bienvenues<\/p>\n","protected":false},"excerpt":{"rendered":"<p>TRUSTIMMO vous propose toujours les meilleures occasions, nous mettons \u00e0 votre<br \/>\ndisposition un appartement s+2 \u00e0 Boumhal.<br \/>\nCet appartement est situ\u00e9 au 4\u00e9me \u00e9tage avec ascenseur, dans une r\u00e9sidence gard\u00e9e et<br \/>\ns\u00e9curis\u00e9e.<br \/>\nIl est compos\u00e9 de deux chambres \u00e0 coucher qui se partagent une salle de bain, l&#39;entr\u00e9e donne<br \/>\nsur la pi\u00e8ce de r\u00e9ception.<br \/>\nLa cuisine est am\u00e9nag\u00e9e par des espaces de rangements et elle ouvre sur un s\u00e9choir.<br \/>\nUne place de parking et disponible.<br \/>\nR\u00e9f\u00e9rence\u00a0:<br \/>\nPrix\u00a0:<br \/>\nPour plus d&#39;informations n&#39;h\u00e9sitez pas \u00e0 nous contacter sur les num\u00e9ros suivants :<br \/>\n26404509 &#8211; 98705836 \u2013 25966680<\/p>\n","protected":false},"featured_media":3350,"comment_status":"open","ping_status":"closed","template":"","meta":[],"_links":{"self":[{"href":"https:\/\/www.trust-immobiliere.com\/index.php\/wp-json\/wp\/v2\/product\/3349"}],"collection":[{"href":"https:\/\/www.trust-immobiliere.com\/index.php\/wp-json\/wp\/v2\/product"}],"about":[{"href":"https:\/\/www.trust-immobiliere.com\/index.php\/wp-json\/wp\/v2\/types\/product"}],"replies":[{"embeddable":true,"href":"https:\/\/www.trust-immobiliere.com\/index.php\/wp-json\/wp\/v2\/comments?post=3349"}],"wp:featuredmedia":[{"embeddable":true,"href":"https:\/\/www.trust-immobiliere.com\/index.php\/wp-json\/wp\/v2\/media\/3350"}],"wp:attachment":[{"href":"https:\/\/www.trust-immobiliere.com\/index.php\/wp-json\/wp\/v2\/media?parent=3349"}],"curies":[{"name":"wp","href":"https:\/\/api.w.org\/{rel}","templated":true}]}}