{"id":3353,"date":"2020-06-18T12:50:24","date_gmt":"2020-06-18T10:50:24","guid":{"rendered":"https:\/\/www.trust-immobiliere.com\/?post_type=product&#038;p=3353"},"modified":"2025-10-03T17:12:06","modified_gmt":"2025-10-03T15:12:06","slug":"s3-boumhel","status":"publish","type":"product","link":"https:\/\/www.trust-immobiliere.com\/index.php\/produit\/s3-boumhel\/","title":{"rendered":"S+3-Boumhel"},"content":{"rendered":"<p>Pour plus d&#39;informations n&#39;h\u00e9sitez pas \u00e0 nous contacter sur les num\u00e9ros suivants :<br \/>\n26404509 &#8211; 98705836 \u2013 25966680<br \/>\nD\u00e9couvrez les meilleurs offres chez TRUSTIMMO, rejoignez nous sur<\/p>\n<p><a href=\"https:\/\/www.facebook.com\/TRUST.IMMOBILIERE.TRUSTIMMO\/\">Facebook :<\/a><\/p>\n<p><a href=\"https:\/\/www.trust-immobiliere.com\/\">Site web:<\/a><\/p>\n<p><a href=\"https:\/\/www.instagram.com\/trustimmo2020\/\">Instagram :<\/a><\/p>\n<p><a href=\"https:\/\/www.youtube.com\/channel\/UCko2uxTUlscMPdz-SC8rvfw\">YouTube :<\/a><\/p>\n<p>Soyez les Bienvenues<\/p>\n","protected":false},"excerpt":{"rendered":"<p>L&#39;Agence Trust Immobili\u00e8re met en vente un vaste et lumineux S+3 de 140 m\u00b2 avec un bon<br \/>\nstanding dans une r\u00e9sidence gard\u00e9e et s\u00e9curis\u00e9e avec place parking interne.<br \/>\nR\u00e9f : 1427<br \/>\nPrix\u00a0: 210.000<\/p>\n","protected":false},"featured_media":3354,"comment_status":"open","ping_status":"closed","template":"","meta":[],"_links":{"self":[{"href":"https:\/\/www.trust-immobiliere.com\/index.php\/wp-json\/wp\/v2\/product\/3353"}],"collection":[{"href":"https:\/\/www.trust-immobiliere.com\/index.php\/wp-json\/wp\/v2\/product"}],"about":[{"href":"https:\/\/www.trust-immobiliere.com\/index.php\/wp-json\/wp\/v2\/types\/product"}],"replies":[{"embeddable":true,"href":"https:\/\/www.trust-immobiliere.com\/index.php\/wp-json\/wp\/v2\/comments?post=3353"}],"wp:featuredmedia":[{"embeddable":true,"href":"https:\/\/www.trust-immobiliere.com\/index.php\/wp-json\/wp\/v2\/media\/3354"}],"wp:attachment":[{"href":"https:\/\/www.trust-immobiliere.com\/index.php\/wp-json\/wp\/v2\/media?parent=3353"}],"curies":[{"name":"wp","href":"https:\/\/api.w.org\/{rel}","templated":true}]}}