{"id":3361,"date":"2020-06-18T13:01:42","date_gmt":"2020-06-18T11:01:42","guid":{"rendered":"https:\/\/www.trust-immobiliere.com\/?post_type=product&#038;p=3361"},"modified":"2025-05-20T00:34:21","modified_gmt":"2025-05-19T22:34:21","slug":"villa-bel-air-boumhal","status":"publish","type":"product","link":"https:\/\/www.trust-immobiliere.com\/index.php\/produit\/villa-bel-air-boumhal\/","title":{"rendered":"villa-Bel air\u2013Boumhal"},"content":{"rendered":"<p>Pour plus d&#39;informations n&#39;h\u00e9sitez pas \u00e0 nous contacter sur les num\u00e9ros suivants :<br \/>\n26404509 &#8211; 98705836 \u2013 25966680<br \/>\nD\u00e9couvrez les meilleurs offres chez TRUSTIMMO, rejoignez nous sur<\/p>\n<p><a href=\"https:\/\/www.facebook.com\/TRUST.IMMOBILIERE.TRUSTIMMO\/\">Facebook :<\/a><\/p>\n<p><a href=\"https:\/\/www.trust-immobiliere.com\/\">Site web:<\/a><\/p>\n<p><a href=\"https:\/\/www.instagram.com\/trustimmo2020\/\">Instagram :<\/a><\/p>\n<p><a href=\"https:\/\/www.youtube.com\/channel\/UCko2uxTUlscMPdz-SC8rvfw\">YouTube :<\/a><\/p>\n<p>Soyez les Bienvenues<\/p>\n","protected":false},"excerpt":{"rendered":"<p>A vendre Une vaste villa unifamiliale \u00e0 el Bel air \u2013Boumhal<br \/>\nOn met \u00e0 votre disposition une vaste villa de 532 m\u00b2 en bonne \u00e9tat situ\u00e9e \u00e0 Boumhal cit\u00e9 el<br \/>\nBel-air.<br \/>\nCette villa fait le coin et b\u00e2tis sur deux-demi niveaux et entour\u00e9e par un grand jardin avec un<br \/>\nsous-sol de 120m\u00b2 qui loge un garage et un studio \u00e9quip\u00e9.<br \/>\nLa maison est compos\u00e9e d\u2019un salon, salle \u00e0 manger, un s\u00e9jour, une salle d&#39;eau pour les invit\u00e9s<br \/>\net une cuisine am\u00e9nag\u00e9e donne acc\u00e8s au jardin.<br \/>\nLe premier \u00e9tage comprend une suite parentale de 40 m\u00b2 qui ouvre sur une terrasse et trois<br \/>\nautres chambres partagent une salle de bain.<br \/>\nUn Split syst\u00e8me chaud-froid est disponible.<br \/>\nPrix\u00a0: 950\u00a0000 dt<br \/>\nR\u00e9f\u00e9rence\u00a0: 1442<\/p>\n","protected":false},"featured_media":3362,"comment_status":"open","ping_status":"closed","template":"","meta":[],"_links":{"self":[{"href":"https:\/\/www.trust-immobiliere.com\/index.php\/wp-json\/wp\/v2\/product\/3361"}],"collection":[{"href":"https:\/\/www.trust-immobiliere.com\/index.php\/wp-json\/wp\/v2\/product"}],"about":[{"href":"https:\/\/www.trust-immobiliere.com\/index.php\/wp-json\/wp\/v2\/types\/product"}],"replies":[{"embeddable":true,"href":"https:\/\/www.trust-immobiliere.com\/index.php\/wp-json\/wp\/v2\/comments?post=3361"}],"wp:featuredmedia":[{"embeddable":true,"href":"https:\/\/www.trust-immobiliere.com\/index.php\/wp-json\/wp\/v2\/media\/3362"}],"wp:attachment":[{"href":"https:\/\/www.trust-immobiliere.com\/index.php\/wp-json\/wp\/v2\/media?parent=3361"}],"curies":[{"name":"wp","href":"https:\/\/api.w.org\/{rel}","templated":true}]}}