{"id":4353,"date":"2021-01-28T21:10:13","date_gmt":"2021-01-28T20:10:13","guid":{"rendered":"https:\/\/www.trust-immobiliere.com\/?post_type=product&#038;p=4353"},"modified":"2025-01-29T13:41:28","modified_gmt":"2025-01-29T12:41:28","slug":"s3-en-tres-bon-etat-la-nouvelle-medina","status":"publish","type":"product","link":"https:\/\/www.trust-immobiliere.com\/index.php\/produit\/s3-en-tres-bon-etat-la-nouvelle-medina\/","title":{"rendered":"S+3 EN TRES BON ETAT &#8211; LA NOUVELLE MEDINA"},"content":{"rendered":"<p>Notre agence Trustimmo met en vente un Appartement en tr\u00e8s bon \u00e9tat de type s+3 au 3\u00e9me \u00e9tage d\u2019un immeuble avec un ascenseur Situ\u00e9 au Medina Jadida.<br \/>\nL&rsquo;appartement comprend 2 places de parking au sous-sol surveill\u00e9 par des cam\u00e9ras. La surface de l\u2019Appartement est de 146 m2. le prix propos\u00e9 : 215000 DT.<\/p>\n","protected":false},"excerpt":{"rendered":"<p>Notre agence Trustimmo met en vente un Appartement en tr\u00e8s bon \u00e9tat de type s+3 au 3\u00e9me \u00e9tage d\u2019un immeuble [&hellip;]<\/p>\n","protected":false},"featured_media":4354,"comment_status":"open","ping_status":"closed","template":"","meta":[],"_links":{"self":[{"href":"https:\/\/www.trust-immobiliere.com\/index.php\/wp-json\/wp\/v2\/product\/4353"}],"collection":[{"href":"https:\/\/www.trust-immobiliere.com\/index.php\/wp-json\/wp\/v2\/product"}],"about":[{"href":"https:\/\/www.trust-immobiliere.com\/index.php\/wp-json\/wp\/v2\/types\/product"}],"replies":[{"embeddable":true,"href":"https:\/\/www.trust-immobiliere.com\/index.php\/wp-json\/wp\/v2\/comments?post=4353"}],"wp:featuredmedia":[{"embeddable":true,"href":"https:\/\/www.trust-immobiliere.com\/index.php\/wp-json\/wp\/v2\/media\/4354"}],"wp:attachment":[{"href":"https:\/\/www.trust-immobiliere.com\/index.php\/wp-json\/wp\/v2\/media?parent=4353"}],"curies":[{"name":"wp","href":"https:\/\/api.w.org\/{rel}","templated":true}]}}