{"id":588,"date":"2020-02-21T09:28:28","date_gmt":"2020-02-21T08:28:28","guid":{"rendered":"https:\/\/www.trust-immobiliere.com\/?post_type=product&#038;p=588"},"modified":"2026-04-05T11:30:03","modified_gmt":"2026-04-05T09:30:03","slug":"s3-elahmadi","status":"publish","type":"product","link":"https:\/\/www.trust-immobiliere.com\/index.php\/produit\/s3-elahmadi\/","title":{"rendered":"S+3- El Mourouj"},"content":{"rendered":"<p>N&rsquo;h\u00e9sitez pas \u00e0 nous contacter sur : 24266000 \/ 26 404509 \/ 98 705836 \/ 55336649.<\/p>\n","protected":false},"excerpt":{"rendered":"<p>Notre agence propose A louer des appartements de haut standing situe dans un \u0131mmeuble s\u0131tue dans un emplacement id\u00e9al au MOUROUJ 4.<br \/>\nLes appartements de type S+3  sont disponibles.<br \/>\nLes surfaces des appartements de type S+3 varient entre  130 m\u00b2 et 148 m\u00b2 .<br \/>\nLe loyer des appartements de type S+3 est 1100 dt \/mois.<br \/>\nLa remise des cl\u00e9s est imm\u00e9diate.<\/p>\n","protected":false},"featured_media":582,"comment_status":"open","ping_status":"closed","template":"","meta":[],"_links":{"self":[{"href":"https:\/\/www.trust-immobiliere.com\/index.php\/wp-json\/wp\/v2\/product\/588"}],"collection":[{"href":"https:\/\/www.trust-immobiliere.com\/index.php\/wp-json\/wp\/v2\/product"}],"about":[{"href":"https:\/\/www.trust-immobiliere.com\/index.php\/wp-json\/wp\/v2\/types\/product"}],"replies":[{"embeddable":true,"href":"https:\/\/www.trust-immobiliere.com\/index.php\/wp-json\/wp\/v2\/comments?post=588"}],"wp:featuredmedia":[{"embeddable":true,"href":"https:\/\/www.trust-immobiliere.com\/index.php\/wp-json\/wp\/v2\/media\/582"}],"wp:attachment":[{"href":"https:\/\/www.trust-immobiliere.com\/index.php\/wp-json\/wp\/v2\/media?parent=588"}],"curies":[{"name":"wp","href":"https:\/\/api.w.org\/{rel}","templated":true}]}}