{"id":589,"date":"2020-02-21T09:33:16","date_gmt":"2020-02-21T08:33:16","guid":{"rendered":"https:\/\/www.trust-immobiliere.com\/?post_type=product&#038;p=589"},"modified":"2020-02-21T11:11:19","modified_gmt":"2020-02-21T10:11:19","slug":"b1elahmadi","status":"publish","type":"product","link":"https:\/\/www.trust-immobiliere.com\/index.php\/produit\/b1elahmadi\/","title":{"rendered":"S+1- El Mourouj"},"content":{"rendered":"<p>N&rsquo;h\u00e9sitez pas \u00e0 nous contacter sur : 24266000 \/ 26 404509 \/ 98 705836 \/ 55336649.<\/p>\n","protected":false},"excerpt":{"rendered":"<p>Notre agence propose A louer des  bureaux  de haut standing situe dans un \u0131mmeuble s\u0131tue dans un emplacement id\u00e9al au MOUROUJ 4.<br \/>\nLes  bureaux de type S+1  sont disponibles.<br \/>\nLes surfaces des  bureaux  de type S+1 varient entre 68 m\u00b2 et 75 m\u00b2.<br \/>\nLe loyer des bureaux de type S+1 est 900 dt \/mois.<br \/>\nLa remise des cl\u00e9s est imm\u00e9diate.<\/p>\n","protected":false},"featured_media":582,"comment_status":"open","ping_status":"closed","template":"","meta":[],"_links":{"self":[{"href":"https:\/\/www.trust-immobiliere.com\/index.php\/wp-json\/wp\/v2\/product\/589"}],"collection":[{"href":"https:\/\/www.trust-immobiliere.com\/index.php\/wp-json\/wp\/v2\/product"}],"about":[{"href":"https:\/\/www.trust-immobiliere.com\/index.php\/wp-json\/wp\/v2\/types\/product"}],"replies":[{"embeddable":true,"href":"https:\/\/www.trust-immobiliere.com\/index.php\/wp-json\/wp\/v2\/comments?post=589"}],"wp:featuredmedia":[{"embeddable":true,"href":"https:\/\/www.trust-immobiliere.com\/index.php\/wp-json\/wp\/v2\/media\/582"}],"wp:attachment":[{"href":"https:\/\/www.trust-immobiliere.com\/index.php\/wp-json\/wp\/v2\/media?parent=589"}],"curies":[{"name":"wp","href":"https:\/\/api.w.org\/{rel}","templated":true}]}}