{"id":590,"date":"2020-02-21T09:35:53","date_gmt":"2020-02-21T08:35:53","guid":{"rendered":"https:\/\/www.trust-immobiliere.com\/?post_type=product&#038;p=590"},"modified":"2025-01-29T13:38:38","modified_gmt":"2025-01-29T12:38:38","slug":"b2-elahmadi","status":"publish","type":"product","link":"https:\/\/www.trust-immobiliere.com\/index.php\/produit\/b2-elahmadi\/","title":{"rendered":"S+2- El Mourouj"},"content":{"rendered":"<p>N&rsquo;h\u00e9sitez pas \u00e0 nous contacter sur : 24266000 \/ 26 404509 \/ 98 705836 \/ 55336649.<\/p>\n","protected":false},"excerpt":{"rendered":"<p>Notre agence propose A louer des  bureaux   de haut standing situe dans un \u0131mmeuble s\u0131tue dans un emplacement id\u00e9al au MOUROUJ 4.<br \/>\nLes  bureaux  de type S+2  sont disponibles.<br \/>\nles surfaces S+2 var\u0131ent entre  108 m\u00b2 et 120 m\u00b2 .<br \/>\nLe loyer des Les  bureaux  de type S+2 est 1000 dt HT\/MO\u0130S.<\/p>\n<p>La remise des cl\u00e9s est imm\u00e9diate.<\/p>\n","protected":false},"featured_media":582,"comment_status":"open","ping_status":"closed","template":"","meta":[],"_links":{"self":[{"href":"https:\/\/www.trust-immobiliere.com\/index.php\/wp-json\/wp\/v2\/product\/590"}],"collection":[{"href":"https:\/\/www.trust-immobiliere.com\/index.php\/wp-json\/wp\/v2\/product"}],"about":[{"href":"https:\/\/www.trust-immobiliere.com\/index.php\/wp-json\/wp\/v2\/types\/product"}],"replies":[{"embeddable":true,"href":"https:\/\/www.trust-immobiliere.com\/index.php\/wp-json\/wp\/v2\/comments?post=590"}],"wp:featuredmedia":[{"embeddable":true,"href":"https:\/\/www.trust-immobiliere.com\/index.php\/wp-json\/wp\/v2\/media\/582"}],"wp:attachment":[{"href":"https:\/\/www.trust-immobiliere.com\/index.php\/wp-json\/wp\/v2\/media?parent=590"}],"curies":[{"name":"wp","href":"https:\/\/api.w.org\/{rel}","templated":true}]}}