{"id":693,"date":"2020-02-25T08:46:00","date_gmt":"2020-02-25T07:46:00","guid":{"rendered":"https:\/\/www.trust-immobiliere.com\/?post_type=product&#038;p=693"},"modified":"2020-02-25T08:49:49","modified_gmt":"2020-02-25T07:49:49","slug":"s2-tej","status":"publish","type":"product","link":"https:\/\/www.trust-immobiliere.com\/index.php\/produit\/s2-tej\/","title":{"rendered":"S+2 -Mourouj 6"},"content":{"rendered":"<p>N&rsquo;h\u00e9sitez pas \u00e0 nous contacter sur :24266000 \/26404509\/98705836 \/ 25 966 680<\/p>\n","protected":false},"excerpt":{"rendered":"<p>L\u2019Agence TRUST IMMOBILIERE Vous invite \u00e0 choisir l\u2019appartement de votre r\u00eave dans une R\u00e9sidence de haut standing Situ\u00e9e au Mourouj 6.<br \/>\nLa surface des S+2 var\u0131e entre 104 m2 et 107 m2<br \/>\nLe prix des S+2 varie entre 167000 DT et 195000 DT<br \/>\nLa Remise des cl\u00e9s est imm\u00e9diate.<\/p>\n","protected":false},"featured_media":694,"comment_status":"open","ping_status":"closed","template":"","meta":[],"_links":{"self":[{"href":"https:\/\/www.trust-immobiliere.com\/index.php\/wp-json\/wp\/v2\/product\/693"}],"collection":[{"href":"https:\/\/www.trust-immobiliere.com\/index.php\/wp-json\/wp\/v2\/product"}],"about":[{"href":"https:\/\/www.trust-immobiliere.com\/index.php\/wp-json\/wp\/v2\/types\/product"}],"replies":[{"embeddable":true,"href":"https:\/\/www.trust-immobiliere.com\/index.php\/wp-json\/wp\/v2\/comments?post=693"}],"wp:featuredmedia":[{"embeddable":true,"href":"https:\/\/www.trust-immobiliere.com\/index.php\/wp-json\/wp\/v2\/media\/694"}],"wp:attachment":[{"href":"https:\/\/www.trust-immobiliere.com\/index.php\/wp-json\/wp\/v2\/media?parent=693"}],"curies":[{"name":"wp","href":"https:\/\/api.w.org\/{rel}","templated":true}]}}