{"id":700,"date":"2020-02-25T08:51:13","date_gmt":"2020-02-25T07:51:13","guid":{"rendered":"https:\/\/www.trust-immobiliere.com\/?post_type=product&#038;p=700"},"modified":"2020-02-25T08:52:20","modified_gmt":"2020-02-25T07:52:20","slug":"s3-tejven","status":"publish","type":"product","link":"https:\/\/www.trust-immobiliere.com\/index.php\/produit\/s3-tejven\/","title":{"rendered":"S+3-Mourouj 6"},"content":{"rendered":"<p>N&rsquo;h\u00e9sitez pas \u00e0 nous contacter sur :24266000 \/26404509\/98705836 \/ 25 966 680<\/p>\n","protected":false},"excerpt":{"rendered":"<p>L\u2019Agence TRUST IMMOBILIERE Vous invite \u00e0 choisir l\u2019appartement de votre r\u00eave dans une R\u00e9sidence de haut standing Situ\u00e9e au Mourouj 6.<br \/>\nLa surface des S+3 var\u0131e entre 140 m2 et 150 m2<br \/>\nLe prix des S+3 varie entre  232000 DT et 270000 DT<br \/>\nLa Remise des cl\u00e9s est imm\u00e9diate.<\/p>\n","protected":false},"featured_media":694,"comment_status":"open","ping_status":"closed","template":"","meta":[],"_links":{"self":[{"href":"https:\/\/www.trust-immobiliere.com\/index.php\/wp-json\/wp\/v2\/product\/700"}],"collection":[{"href":"https:\/\/www.trust-immobiliere.com\/index.php\/wp-json\/wp\/v2\/product"}],"about":[{"href":"https:\/\/www.trust-immobiliere.com\/index.php\/wp-json\/wp\/v2\/types\/product"}],"replies":[{"embeddable":true,"href":"https:\/\/www.trust-immobiliere.com\/index.php\/wp-json\/wp\/v2\/comments?post=700"}],"wp:featuredmedia":[{"embeddable":true,"href":"https:\/\/www.trust-immobiliere.com\/index.php\/wp-json\/wp\/v2\/media\/694"}],"wp:attachment":[{"href":"https:\/\/www.trust-immobiliere.com\/index.php\/wp-json\/wp\/v2\/media?parent=700"}],"curies":[{"name":"wp","href":"https:\/\/api.w.org\/{rel}","templated":true}]}}