{"id":819,"date":"2020-02-26T15:10:54","date_gmt":"2020-02-26T14:10:54","guid":{"rendered":"https:\/\/www.trust-immobiliere.com\/?post_type=product&#038;p=819"},"modified":"2025-08-01T12:36:07","modified_gmt":"2025-08-01T10:36:07","slug":"s1-olympiaven","status":"publish","type":"product","link":"https:\/\/www.trust-immobiliere.com\/index.php\/produit\/s1-olympiaven\/","title":{"rendered":"S+1-Rades"},"content":{"rendered":"<p>N&rsquo;h\u00e9sitez pas \u00e0 nous contacter sur : 24266000 \/ 26 404509 \/ 98 705836 \/ 55336649<\/p>\n","protected":false},"excerpt":{"rendered":"<p>L\u2019Agence TRUST IMMOBILIERE propose a vendre des appartements de haut standing dans une R\u00e9sidence Situ\u00e9e \u00e0 Rades,<br \/>\nLa surface des S+1 est 80 m2<br \/>\nLe prix des S+1 est 155000 DT<br \/>\na place de parking au RDC avec abri vaut 7000 DT<br \/>\nLa place de parking au SOUS-SOL  vaut 15000 DT<br \/>\nLa Remise des cl\u00e9s est imm\u00e9diate.<\/p>\n","protected":false},"featured_media":820,"comment_status":"open","ping_status":"closed","template":"","meta":[],"_links":{"self":[{"href":"https:\/\/www.trust-immobiliere.com\/index.php\/wp-json\/wp\/v2\/product\/819"}],"collection":[{"href":"https:\/\/www.trust-immobiliere.com\/index.php\/wp-json\/wp\/v2\/product"}],"about":[{"href":"https:\/\/www.trust-immobiliere.com\/index.php\/wp-json\/wp\/v2\/types\/product"}],"replies":[{"embeddable":true,"href":"https:\/\/www.trust-immobiliere.com\/index.php\/wp-json\/wp\/v2\/comments?post=819"}],"wp:featuredmedia":[{"embeddable":true,"href":"https:\/\/www.trust-immobiliere.com\/index.php\/wp-json\/wp\/v2\/media\/820"}],"wp:attachment":[{"href":"https:\/\/www.trust-immobiliere.com\/index.php\/wp-json\/wp\/v2\/media?parent=819"}],"curies":[{"name":"wp","href":"https:\/\/api.w.org\/{rel}","templated":true}]}}