{"id":825,"date":"2020-02-26T15:20:02","date_gmt":"2020-02-26T14:20:02","guid":{"rendered":"https:\/\/www.trust-immobiliere.com\/?post_type=product&#038;p=825"},"modified":"2025-06-23T06:27:11","modified_gmt":"2025-06-23T04:27:11","slug":"s3-olympiaven","status":"publish","type":"product","link":"https:\/\/www.trust-immobiliere.com\/index.php\/produit\/s3-olympiaven\/","title":{"rendered":"S+3-Rades"},"content":{"rendered":"<p>N&rsquo;h\u00e9sitez pas \u00e0 nous contacter sur : 24266000 \/ 26 404509 \/ 98 705836 \/ 55336649<\/p>\n","protected":false},"excerpt":{"rendered":"<p>L\u2019Agence TRUST IMMOBILIERE propose a vendre des appartements de haut standing dans une R\u00e9sidence Situ\u00e9e \u00e0 Rades,<br \/>\nLa surface des S+3 var\u0131e entre 165 m2 et 176 m2<br \/>\nLe prix des S+3 varie entre  305.000 DT et 326.000 DT<br \/>\n place de parking au RDC avec abri vaut 7000 DT<br \/>\nLa place de parking au SOUS-SOL  vaut 15000 DT<br \/>\nLa Remise des cl\u00e9s est imm\u00e9diate.<\/p>\n","protected":false},"featured_media":2900,"comment_status":"open","ping_status":"closed","template":"","meta":[],"_links":{"self":[{"href":"https:\/\/www.trust-immobiliere.com\/index.php\/wp-json\/wp\/v2\/product\/825"}],"collection":[{"href":"https:\/\/www.trust-immobiliere.com\/index.php\/wp-json\/wp\/v2\/product"}],"about":[{"href":"https:\/\/www.trust-immobiliere.com\/index.php\/wp-json\/wp\/v2\/types\/product"}],"replies":[{"embeddable":true,"href":"https:\/\/www.trust-immobiliere.com\/index.php\/wp-json\/wp\/v2\/comments?post=825"}],"wp:featuredmedia":[{"embeddable":true,"href":"https:\/\/www.trust-immobiliere.com\/index.php\/wp-json\/wp\/v2\/media\/2900"}],"wp:attachment":[{"href":"https:\/\/www.trust-immobiliere.com\/index.php\/wp-json\/wp\/v2\/media?parent=825"}],"curies":[{"name":"wp","href":"https:\/\/api.w.org\/{rel}","templated":true}]}}