{"id":871,"date":"2020-02-27T11:10:21","date_gmt":"2020-02-27T10:10:21","guid":{"rendered":"https:\/\/www.trust-immobiliere.com\/?post_type=product&#038;p=871"},"modified":"2025-06-13T17:39:52","modified_gmt":"2025-06-13T15:39:52","slug":"s2-nuguetsven","status":"publish","type":"product","link":"https:\/\/www.trust-immobiliere.com\/index.php\/produit\/s2-nuguetsven\/","title":{"rendered":"S+2-Laouina"},"content":{"rendered":"<p>N&rsquo;h\u00e9sitez pas \u00e0 nous contacter sur : 24266000 \/ 26 404509 \/ 98 705836 \/ 55336649<\/p>\n","protected":false},"excerpt":{"rendered":"<p>L\u2019Agence TRUST IMMOBILIERE propose \u00e0 vendre des appartements dans une R\u00e9sidence R+5 de haut standing Situ\u00e9e \u00e0 LAOUINA.<br \/>\nLa surface des S+2 est 115,5 m2<br \/>\nLe prix des S+2 est 295.000 DT<br \/>\nLe prix de la place de parking au sous-sol est 15000 DT<br \/>\nLa Remise des cl\u00e9s est pr\u00e9vue pour SEPTEMBRE 2020.<\/p>\n","protected":false},"featured_media":874,"comment_status":"open","ping_status":"closed","template":"","meta":[],"_links":{"self":[{"href":"https:\/\/www.trust-immobiliere.com\/index.php\/wp-json\/wp\/v2\/product\/871"}],"collection":[{"href":"https:\/\/www.trust-immobiliere.com\/index.php\/wp-json\/wp\/v2\/product"}],"about":[{"href":"https:\/\/www.trust-immobiliere.com\/index.php\/wp-json\/wp\/v2\/types\/product"}],"replies":[{"embeddable":true,"href":"https:\/\/www.trust-immobiliere.com\/index.php\/wp-json\/wp\/v2\/comments?post=871"}],"wp:featuredmedia":[{"embeddable":true,"href":"https:\/\/www.trust-immobiliere.com\/index.php\/wp-json\/wp\/v2\/media\/874"}],"wp:attachment":[{"href":"https:\/\/www.trust-immobiliere.com\/index.php\/wp-json\/wp\/v2\/media?parent=871"}],"curies":[{"name":"wp","href":"https:\/\/api.w.org\/{rel}","templated":true}]}}