{"id":909,"date":"2020-02-27T11:53:14","date_gmt":"2020-02-27T10:53:14","guid":{"rendered":"https:\/\/www.trust-immobiliere.com\/?post_type=product&#038;p=909"},"modified":"2022-07-26T02:43:16","modified_gmt":"2022-07-26T00:43:16","slug":"b123-azizven","status":"publish","type":"product","link":"https:\/\/www.trust-immobiliere.com\/index.php\/produit\/b123-azizven\/","title":{"rendered":"S+1-2-3-jardins de Carthage"},"content":{"rendered":"<p>N&rsquo;h\u00e9sitez pas \u00e0 nous contacter sur : 24266000 \/ 26 404509 \/ 98 705836 \/ 55336649<\/p>\n","protected":false},"excerpt":{"rendered":"<p>L\u2019Agence TRUST IMMOBILIERE propose \u00e0 vendre des appartements a usage Bureautique dans une R\u00e9sidence de haut standing Situ\u00e9e aux jardins de Carthage .<br \/>\nLa surface des bureaux varie entre 103 m2 et 160 m2<br \/>\nLe prix un\u0131taire des bureaux 4200 DT HT\/M2<br \/>\nLe prix total varie entre 515000 DT TTC et 800.000 DT TTC<br \/>\nLa Remise des cl\u00e9s est imm\u00e9diate.<\/p>\n","protected":false},"featured_media":910,"comment_status":"open","ping_status":"closed","template":"","meta":[],"_links":{"self":[{"href":"https:\/\/www.trust-immobiliere.com\/index.php\/wp-json\/wp\/v2\/product\/909"}],"collection":[{"href":"https:\/\/www.trust-immobiliere.com\/index.php\/wp-json\/wp\/v2\/product"}],"about":[{"href":"https:\/\/www.trust-immobiliere.com\/index.php\/wp-json\/wp\/v2\/types\/product"}],"replies":[{"embeddable":true,"href":"https:\/\/www.trust-immobiliere.com\/index.php\/wp-json\/wp\/v2\/comments?post=909"}],"wp:featuredmedia":[{"embeddable":true,"href":"https:\/\/www.trust-immobiliere.com\/index.php\/wp-json\/wp\/v2\/media\/910"}],"wp:attachment":[{"href":"https:\/\/www.trust-immobiliere.com\/index.php\/wp-json\/wp\/v2\/media?parent=909"}],"curies":[{"name":"wp","href":"https:\/\/api.w.org\/{rel}","templated":true}]}}