{"id":915,"date":"2020-02-27T11:58:09","date_gmt":"2020-02-27T10:58:09","guid":{"rendered":"https:\/\/www.trust-immobiliere.com\/?post_type=product&#038;p=915"},"modified":"2026-05-07T20:53:01","modified_gmt":"2026-05-07T18:53:01","slug":"s3-cartahven","status":"publish","type":"product","link":"https:\/\/www.trust-immobiliere.com\/index.php\/produit\/s3-cartahven\/","title":{"rendered":"S+3-jardins de Carthage"},"content":{"rendered":"<p>N&rsquo;h\u00e9sitez pas \u00e0 nous contacter sur : 24266000 \/ 26 404509 \/ 98 705836 \/ 55336649<\/p>\n","protected":false},"excerpt":{"rendered":"<p>L\u2019Agence TRUST IMMOBILIERE propose \u00e0 vendre un appartement neuf jamais habite de type S+3de tr\u00e8s haut standing dans une R\u00e9sidence R+10 Situ\u00e9e au jardin de Carthage.<br \/>\nLa surface est 200 m2<br \/>\nLe prix est de 550.000 DT<br \/>\nLe pr\u0131x de la place de parking au sous-sol est 30.000 DT<\/p>\n<p>La Remise des cl\u00e9s est imm\u00e9diate.<\/p>\n","protected":false},"featured_media":916,"comment_status":"open","ping_status":"closed","template":"","meta":[],"_links":{"self":[{"href":"https:\/\/www.trust-immobiliere.com\/index.php\/wp-json\/wp\/v2\/product\/915"}],"collection":[{"href":"https:\/\/www.trust-immobiliere.com\/index.php\/wp-json\/wp\/v2\/product"}],"about":[{"href":"https:\/\/www.trust-immobiliere.com\/index.php\/wp-json\/wp\/v2\/types\/product"}],"replies":[{"embeddable":true,"href":"https:\/\/www.trust-immobiliere.com\/index.php\/wp-json\/wp\/v2\/comments?post=915"}],"wp:featuredmedia":[{"embeddable":true,"href":"https:\/\/www.trust-immobiliere.com\/index.php\/wp-json\/wp\/v2\/media\/916"}],"wp:attachment":[{"href":"https:\/\/www.trust-immobiliere.com\/index.php\/wp-json\/wp\/v2\/media?parent=915"}],"curies":[{"name":"wp","href":"https:\/\/api.w.org\/{rel}","templated":true}]}}