{"id":927,"date":"2020-02-27T12:05:37","date_gmt":"2020-02-27T11:05:37","guid":{"rendered":"https:\/\/www.trust-immobiliere.com\/?post_type=product&#038;p=927"},"modified":"2026-04-05T11:29:39","modified_gmt":"2026-04-05T09:29:39","slug":"rez-cartahloc","status":"publish","type":"product","link":"https:\/\/www.trust-immobiliere.com\/index.php\/produit\/rez-cartahloc\/","title":{"rendered":"rez de chauss\u00e9e -jardins de Carthage"},"content":{"rendered":"<p>N&rsquo;h\u00e9sitez pas \u00e0 nous contacter sur : 24266000 \/ 26 404509 \/ 98 705836 \/ 55336649<\/p>\n","protected":false},"excerpt":{"rendered":"<p>L\u2019Agence TRUST IMMOBILIERE propose \u00e0 louer des locaux de commerce au rez de chauss\u00e9e d\u2019une R\u00e9sidence R+10Situ\u00e9e au Jardins de Carthage.<br \/>\nLa surface des locaux varie entre 1180 et 160 m2<br \/>\nLe prix unitaire est de 35 DT  HT\/M2<br \/>\nLe pr\u0131x de la place de parking au sous-sol est 30.000 DT<br \/>\nLa Remise des cl\u00e9s est imm\u00e9diate.<\/p>\n","protected":false},"featured_media":925,"comment_status":"open","ping_status":"closed","template":"","meta":[],"_links":{"self":[{"href":"https:\/\/www.trust-immobiliere.com\/index.php\/wp-json\/wp\/v2\/product\/927"}],"collection":[{"href":"https:\/\/www.trust-immobiliere.com\/index.php\/wp-json\/wp\/v2\/product"}],"about":[{"href":"https:\/\/www.trust-immobiliere.com\/index.php\/wp-json\/wp\/v2\/types\/product"}],"replies":[{"embeddable":true,"href":"https:\/\/www.trust-immobiliere.com\/index.php\/wp-json\/wp\/v2\/comments?post=927"}],"wp:featuredmedia":[{"embeddable":true,"href":"https:\/\/www.trust-immobiliere.com\/index.php\/wp-json\/wp\/v2\/media\/925"}],"wp:attachment":[{"href":"https:\/\/www.trust-immobiliere.com\/index.php\/wp-json\/wp\/v2\/media?parent=927"}],"curies":[{"name":"wp","href":"https:\/\/api.w.org\/{rel}","templated":true}]}}