{"id":940,"date":"2020-02-27T12:15:35","date_gmt":"2020-02-27T11:15:35","guid":{"rendered":"https:\/\/www.trust-immobiliere.com\/?post_type=product&#038;p=940"},"modified":"2020-02-27T12:17:59","modified_gmt":"2020-02-27T11:17:59","slug":"s1-vitolven","status":"publish","type":"product","link":"https:\/\/www.trust-immobiliere.com\/index.php\/produit\/s1-vitolven\/","title":{"rendered":"S+1-jardins du lac"},"content":{"rendered":"<p>N&rsquo;h\u00e9sitez pas \u00e0 nous contacter sur : 24266000 \/ 26 404509 \/ 98 705836 \/ 55336649<\/p>\n","protected":false},"excerpt":{"rendered":"<p>L\u2019Agence TRUST IMMOBILIERE propose \u00e0 vendre des appartements dans une R\u00e9sidence de haut standing Situ\u00e9e Jardins du lac.<br \/>\nLes appartements sont de type S+1\/S+2<br \/>\nLa surface des S+1est de76 m2<br \/>\nLe prix des S+1est de 345.000 DT<br \/>\nLe pr\u0131x de la place de parking au sous-sol est 18000 DT<\/p>\n","protected":false},"featured_media":941,"comment_status":"open","ping_status":"closed","template":"","meta":[],"_links":{"self":[{"href":"https:\/\/www.trust-immobiliere.com\/index.php\/wp-json\/wp\/v2\/product\/940"}],"collection":[{"href":"https:\/\/www.trust-immobiliere.com\/index.php\/wp-json\/wp\/v2\/product"}],"about":[{"href":"https:\/\/www.trust-immobiliere.com\/index.php\/wp-json\/wp\/v2\/types\/product"}],"replies":[{"embeddable":true,"href":"https:\/\/www.trust-immobiliere.com\/index.php\/wp-json\/wp\/v2\/comments?post=940"}],"wp:featuredmedia":[{"embeddable":true,"href":"https:\/\/www.trust-immobiliere.com\/index.php\/wp-json\/wp\/v2\/media\/941"}],"wp:attachment":[{"href":"https:\/\/www.trust-immobiliere.com\/index.php\/wp-json\/wp\/v2\/media?parent=940"}],"curies":[{"name":"wp","href":"https:\/\/api.w.org\/{rel}","templated":true}]}}