{"id":951,"date":"2020-02-27T12:23:40","date_gmt":"2020-02-27T11:23:40","guid":{"rendered":"https:\/\/www.trust-immobiliere.com\/?post_type=product&#038;p=951"},"modified":"2020-02-27T12:24:56","modified_gmt":"2020-02-27T11:24:56","slug":"bu-vitolven","status":"publish","type":"product","link":"https:\/\/www.trust-immobiliere.com\/index.php\/produit\/bu-vitolven\/","title":{"rendered":"Jardins du lac"},"content":{"rendered":"<p>N&rsquo;h\u00e9sitez pas \u00e0 nous contacter sur : 24266000 \/ 26 404509 \/ 98 705836 \/ 55336649<\/p>\n","protected":false},"excerpt":{"rendered":"<p>L\u2019Agence TRUST IMMOBILIERE propose \u00e0 vendre des Bureaux dans une R\u00e9sidence de haut standing Situ\u00e9e Jardins du lac.<br \/>\nLa surface des bureaux  var\u0131e entre 76 m2 et 120 m2<br \/>\nLe pr\u0131x unitaire est 4500 DT HT\/M2<br \/>\nLe prix des bureaux varie entre 410.000 DT et 646.000 DT<\/p>\n","protected":false},"featured_media":941,"comment_status":"open","ping_status":"closed","template":"","meta":[],"_links":{"self":[{"href":"https:\/\/www.trust-immobiliere.com\/index.php\/wp-json\/wp\/v2\/product\/951"}],"collection":[{"href":"https:\/\/www.trust-immobiliere.com\/index.php\/wp-json\/wp\/v2\/product"}],"about":[{"href":"https:\/\/www.trust-immobiliere.com\/index.php\/wp-json\/wp\/v2\/types\/product"}],"replies":[{"embeddable":true,"href":"https:\/\/www.trust-immobiliere.com\/index.php\/wp-json\/wp\/v2\/comments?post=951"}],"wp:featuredmedia":[{"embeddable":true,"href":"https:\/\/www.trust-immobiliere.com\/index.php\/wp-json\/wp\/v2\/media\/941"}],"wp:attachment":[{"href":"https:\/\/www.trust-immobiliere.com\/index.php\/wp-json\/wp\/v2\/media?parent=951"}],"curies":[{"name":"wp","href":"https:\/\/api.w.org\/{rel}","templated":true}]}}