{"id":960,"date":"2020-02-27T12:35:16","date_gmt":"2020-02-27T11:35:16","guid":{"rendered":"https:\/\/www.trust-immobiliere.com\/?post_type=product&#038;p=960"},"modified":"2020-02-27T12:36:47","modified_gmt":"2020-02-27T11:36:47","slug":"dup-residven","status":"publish","type":"product","link":"https:\/\/www.trust-immobiliere.com\/index.php\/produit\/dup-residven\/","title":{"rendered":"Duplex-jardins de Carthage"},"content":{"rendered":"<p>N&rsquo;h\u00e9sitez pas \u00e0 nous contacter sur : 24266000 \/ 26 404509 \/ 98 705836 \/ 55336649<\/p>\n","protected":false},"excerpt":{"rendered":"<p>L\u2019Agence TRUST IMMOBILIERE propose \u00e0 vendre des appartements dans une R\u00e9sidence de haut standing Situ\u00e9e aux jardins de Carthage.<br \/>\nLa surface des duplex est 350m2+ terrasse 12 m2<br \/>\nLe prix des DUPLEX est 1,200.000 DT<br \/>\nLa place de parking au sous-sol est de 20000 DT<br \/>\nla Remise des cl\u00e9s est imm\u00e9diate.<\/p>\n","protected":false},"featured_media":953,"comment_status":"open","ping_status":"closed","template":"","meta":[],"_links":{"self":[{"href":"https:\/\/www.trust-immobiliere.com\/index.php\/wp-json\/wp\/v2\/product\/960"}],"collection":[{"href":"https:\/\/www.trust-immobiliere.com\/index.php\/wp-json\/wp\/v2\/product"}],"about":[{"href":"https:\/\/www.trust-immobiliere.com\/index.php\/wp-json\/wp\/v2\/types\/product"}],"replies":[{"embeddable":true,"href":"https:\/\/www.trust-immobiliere.com\/index.php\/wp-json\/wp\/v2\/comments?post=960"}],"wp:featuredmedia":[{"embeddable":true,"href":"https:\/\/www.trust-immobiliere.com\/index.php\/wp-json\/wp\/v2\/media\/953"}],"wp:attachment":[{"href":"https:\/\/www.trust-immobiliere.com\/index.php\/wp-json\/wp\/v2\/media?parent=960"}],"curies":[{"name":"wp","href":"https:\/\/api.w.org\/{rel}","templated":true}]}}