{"id":961,"date":"2020-02-27T12:37:35","date_gmt":"2020-02-27T11:37:35","guid":{"rendered":"https:\/\/www.trust-immobiliere.com\/?post_type=product&#038;p=961"},"modified":"2026-04-05T11:30:02","modified_gmt":"2026-04-05T09:30:02","slug":"s3-golfven","status":"publish","type":"product","link":"https:\/\/www.trust-immobiliere.com\/index.php\/produit\/s3-golfven\/","title":{"rendered":"S+3-Chotrana"},"content":{"rendered":"<p>N&rsquo;h\u00e9sitez pas \u00e0 nous contacter sur : 24266000 \/ 26 404509 \/ 98 705836 \/ 55336649<\/p>\n","protected":false},"excerpt":{"rendered":"<p>L\u2019Agence TRUST IMMOBILIERE propose \u00e0 vendre des appartements et des duplexdans une R\u00e9sidence de haut standing Situ\u00e9e a CHOTRANA.<br \/>\nLa surface des S+3est de182 m2<br \/>\nLe prix des S+3est de 450.000 DT<br \/>\nLe prix comprend un cellier et une place de parking au sous-sol<br \/>\nLa Remise des cl\u00e9s est imm\u00e9diate<\/p>\n","protected":false},"featured_media":962,"comment_status":"open","ping_status":"closed","template":"","meta":[],"_links":{"self":[{"href":"https:\/\/www.trust-immobiliere.com\/index.php\/wp-json\/wp\/v2\/product\/961"}],"collection":[{"href":"https:\/\/www.trust-immobiliere.com\/index.php\/wp-json\/wp\/v2\/product"}],"about":[{"href":"https:\/\/www.trust-immobiliere.com\/index.php\/wp-json\/wp\/v2\/types\/product"}],"replies":[{"embeddable":true,"href":"https:\/\/www.trust-immobiliere.com\/index.php\/wp-json\/wp\/v2\/comments?post=961"}],"wp:featuredmedia":[{"embeddable":true,"href":"https:\/\/www.trust-immobiliere.com\/index.php\/wp-json\/wp\/v2\/media\/962"}],"wp:attachment":[{"href":"https:\/\/www.trust-immobiliere.com\/index.php\/wp-json\/wp\/v2\/media?parent=961"}],"curies":[{"name":"wp","href":"https:\/\/api.w.org\/{rel}","templated":true}]}}