{"id":971,"date":"2020-02-27T12:41:31","date_gmt":"2020-02-27T11:41:31","guid":{"rendered":"https:\/\/www.trust-immobiliere.com\/?post_type=product&#038;p=971"},"modified":"2024-10-23T00:48:31","modified_gmt":"2024-10-22T22:48:31","slug":"duplex-golfven","status":"publish","type":"product","link":"https:\/\/www.trust-immobiliere.com\/index.php\/produit\/duplex-golfven\/","title":{"rendered":"Duplex-Chotrana"},"content":{"rendered":"<p>N&rsquo;h\u00e9sitez pas \u00e0 nous contacter sur : 24266000 \/ 26 404509 \/ 98 705836 \/ 55336649<\/p>\n","protected":false},"excerpt":{"rendered":"<p>L\u2019Agence TRUST IMMOBILIERE propose \u00e0 vendre des appartements et des duplexdans une R\u00e9sidence de haut standing Situ\u00e9e a CHOTRANA.<br \/>\nLa surface des duplex est 246m2+ 80 m2 Jardin +terrasse.<br \/>\nLe prix des DUPLEX est 640.000 DT<br \/>\nLe prix comprend un cellier et une place de parking au sous-sol<br \/>\nLa Remise des cl\u00e9s est imm\u00e9diate.<\/p>\n","protected":false},"featured_media":972,"comment_status":"open","ping_status":"closed","template":"","meta":[],"_links":{"self":[{"href":"https:\/\/www.trust-immobiliere.com\/index.php\/wp-json\/wp\/v2\/product\/971"}],"collection":[{"href":"https:\/\/www.trust-immobiliere.com\/index.php\/wp-json\/wp\/v2\/product"}],"about":[{"href":"https:\/\/www.trust-immobiliere.com\/index.php\/wp-json\/wp\/v2\/types\/product"}],"replies":[{"embeddable":true,"href":"https:\/\/www.trust-immobiliere.com\/index.php\/wp-json\/wp\/v2\/comments?post=971"}],"wp:featuredmedia":[{"embeddable":true,"href":"https:\/\/www.trust-immobiliere.com\/index.php\/wp-json\/wp\/v2\/media\/972"}],"wp:attachment":[{"href":"https:\/\/www.trust-immobiliere.com\/index.php\/wp-json\/wp\/v2\/media?parent=971"}],"curies":[{"name":"wp","href":"https:\/\/api.w.org\/{rel}","templated":true}]}}