{"id":986,"date":"2020-02-27T14:38:17","date_gmt":"2020-02-27T13:38:17","guid":{"rendered":"https:\/\/www.trust-immobiliere.com\/?post_type=product&#038;p=986"},"modified":"2020-02-27T14:46:59","modified_gmt":"2020-02-27T13:46:59","slug":"s1-mailven","status":"publish","type":"product","link":"https:\/\/www.trust-immobiliere.com\/index.php\/produit\/s1-mailven\/","title":{"rendered":"S+1-Ain Zaghouan"},"content":{"rendered":"<p>N&rsquo;h\u00e9sitez pas \u00e0 nous contacter sur : 24266000 \/ 26 404509 \/ 98 705836 \/ 55336649<\/p>\n","protected":false},"excerpt":{"rendered":"<p>L\u2019Agence TRUST IMMOBILIERE propose \u00e0 vendre des appartements dans une R\u00e9sidence R+7 de haut standing Situ\u00e9e \u00e0 AIN ZAGHOUAN.<br \/>\nLa surface des S+1 est 61m2<br \/>\nLe prix des S+1 est 175000 DT<br \/>\nLe prix de la place de parking au sous-sol est 18000 DT<br \/>\nLa Remise des cl\u00e9s est pr\u00e9vue pour SEPTEMBRE 2020 .<\/p>\n","protected":false},"featured_media":987,"comment_status":"open","ping_status":"closed","template":"","meta":[],"_links":{"self":[{"href":"https:\/\/www.trust-immobiliere.com\/index.php\/wp-json\/wp\/v2\/product\/986"}],"collection":[{"href":"https:\/\/www.trust-immobiliere.com\/index.php\/wp-json\/wp\/v2\/product"}],"about":[{"href":"https:\/\/www.trust-immobiliere.com\/index.php\/wp-json\/wp\/v2\/types\/product"}],"replies":[{"embeddable":true,"href":"https:\/\/www.trust-immobiliere.com\/index.php\/wp-json\/wp\/v2\/comments?post=986"}],"wp:featuredmedia":[{"embeddable":true,"href":"https:\/\/www.trust-immobiliere.com\/index.php\/wp-json\/wp\/v2\/media\/987"}],"wp:attachment":[{"href":"https:\/\/www.trust-immobiliere.com\/index.php\/wp-json\/wp\/v2\/media?parent=986"}],"curies":[{"name":"wp","href":"https:\/\/api.w.org\/{rel}","templated":true}]}}